{"id":1051,"date":"2019-12-04T19:11:21","date_gmt":"2019-12-04T18:11:21","guid":{"rendered":"http:\/\/maisondejusticeetdudroit.fr\/?page_id=1051"},"modified":"2021-03-21T18:40:22","modified_gmt":"2021-03-21T17:40:22","slug":"presentation","status":"publish","type":"page","link":"https:\/\/maisondejusticetdudroit.fr\/index.php\/presentation\/","title":{"rendered":"Pr\u00e9sentation"},"content":{"rendered":"\t\t<div data-elementor-type=\"wp-page\" data-elementor-id=\"1051\" class=\"elementor elementor-1051\">\n\t\t\t\t\t\t<div class=\"elementor-inner\">\n\t\t\t\t<div class=\"elementor-section-wrap\">\n\t\t\t\t\t\t\t\t\t<section class=\"elementor-section elementor-top-section elementor-element elementor-element-ef81d3e elementor-section-full_width elementor-section-height-default elementor-section-height-default\" data-id=\"ef81d3e\" data-element_type=\"section\">\n\t\t\t\t\t\t<div class=\"elementor-container elementor-column-gap-default\">\n\t\t\t\t\t\t\t<div class=\"elementor-row\">\n\t\t\t\t\t<div class=\"elementor-column elementor-col-100 elementor-top-column elementor-element elementor-element-f97f5c8\" data-id=\"f97f5c8\" data-element_type=\"column\">\n\t\t\t<div class=\"elementor-column-wrap elementor-element-populated\">\n\t\t\t\t\t\t\t<div class=\"elementor-widget-wrap\">\n\t\t\t\t\t\t<div class=\"elementor-element elementor-element-22029cb elementor-widget elementor-widget-text-editor\" data-id=\"22029cb\" data-element_type=\"widget\" data-widget_type=\"text-editor.default\">\n\t\t\t\t<div class=\"elementor-widget-container\">\n\t\t\t\t\t\t\t\t<div class=\"elementor-text-editor elementor-clearfix\">\n\t\t\t\t<p>La Maison de Justice et du Droit de La Rochelle a \u00e9t\u00e9 cr\u00e9\u00e9e par une convention sign\u00e9e le 25 septembre 2001\u00a0par le Pr\u00e9fet de la Charente-Maritime, le Pr\u00e9sident du Tribunal de Grande Instance de La Rochelle, le Procureur de la R\u00e9publique de La Rochelle, le D\u00e9put\u00e9-Maire de La Rochelle, le Pr\u00e9sident du Conseil G\u00e9n\u00e9ral de la Charente-Maritime, le B\u00e2tonnier de l\u2019Ordre des Avocats du Barreau de La Rochelle, Le Directeur D\u00e9partemental de la S\u00e9curit\u00e9 Publique de la Charente-Maritime, le Colonel commandant du Groupement de Gendarmerie de Charente-Maritime, le Directeur D\u00e9partemental de la Protection Judiciaire de la Jeunesse et le Directeur du Service P\u00e9nitentiaire d\u2019Insertion et de Probation de la Charente-Maritime.<\/p><p align=\"JUSTIFY\">Elle a ouvert ses portes le 15 janvier 2002 et son inauguration a eu lieu le 7 f\u00e9vrier 2002. Cette structure est unique dans la d\u00e9partement de la Charente-Maritime. Elle est implant\u00e9e dans le complexe municipal de \u00abLa Passerelle\u00bb, dans le quartier de Mireuil, \u00e0 La Rochelle.<\/p><p align=\"JUSTIFY\">Il s\u2019agit d\u2019une structure judiciaire de proximit\u00e9 directement rattach\u00e9e au Tribunal Judiciaire de La Rochelle. Ce service est coordonn\u00e9 par une greffi\u00e8re, mise \u00e0 disposition \u00e0 plein temps par cette juridiction, pour y assurer, notamment, le service d\u2019accueil.<\/p><p align=\"JUSTIFY\">Sa comp\u00e9tence s\u2019\u00e9tend sur tout le ressort du Tribunal Judiciaire de La Rochelle.<\/p><p align=\"JUSTIFY\">Elle se d\u00e9nomme, depuis le 1er Janvier 2021, le Point-Justice La Rochelle-Mireuil.<\/p>\t\t\t\t\t<\/div>\n\t\t\t\t\t\t<\/div>\n\t\t\t\t<\/div>\n\t\t\t\t\t\t<\/div>\n\t\t\t\t\t<\/div>\n\t\t<\/div>\n\t\t\t\t\t\t\t\t<\/div>\n\t\t\t\t\t<\/div>\n\t\t<\/section>\n\t\t\t\t\t\t\t\t\t<\/div>\n\t\t\t<\/div>\n\t\t\t\t\t<\/div>\n\t\t","protected":false},"excerpt":{"rendered":"<p>La Maison de Justice et du Droit de La Rochelle a \u00e9t\u00e9 cr\u00e9\u00e9e par une convention sign\u00e9e le 25 septembre 2001\u00a0par le Pr\u00e9fet de la Charente-Maritime, le Pr\u00e9sident du Tribunal de Grande Instance de La Rochelle, le Procureur de la R\u00e9publique de La Rochelle, le D\u00e9put\u00e9-Maire de La Rochelle, le Pr\u00e9sident du Conseil G\u00e9n\u00e9ral de <a class=\"more-link\" href=\"https:\/\/maisondejusticetdudroit.fr\/index.php\/presentation\/\">Lire plus &#8230;<\/a><\/p>\n","protected":false},"author":1,"featured_media":0,"parent":0,"menu_order":0,"comment_status":"closed","ping_status":"closed","template":"","meta":{"footnotes":""},"yoast_head":"<!-- This site is optimized with the Yoast SEO plugin v19.7.2 - https:\/\/yoast.com\/wordpress\/plugins\/seo\/ -->\n<title>Pr\u00e9sentation - Maison De Justice et du Droit de La Rochelle<\/title>\n<meta name=\"robots\" content=\"index, follow, max-snippet:-1, max-image-preview:large, max-video-preview:-1\" \/>\n<link rel=\"canonical\" href=\"https:\/\/maisondejusticetdudroit.fr\/index.php\/presentation\/\" \/>\n<meta property=\"og:locale\" content=\"fr_FR\" \/>\n<meta property=\"og:type\" content=\"article\" \/>\n<meta property=\"og:title\" content=\"Pr\u00e9sentation - Maison De Justice et du Droit de La Rochelle\" \/>\n<meta property=\"og:description\" content=\"La Maison de Justice et du Droit de La Rochelle a \u00e9t\u00e9 cr\u00e9\u00e9e par une convention sign\u00e9e le 25 septembre 2001\u00a0par le Pr\u00e9fet de la Charente-Maritime, le Pr\u00e9sident du Tribunal de Grande Instance de La Rochelle, le Procureur de la R\u00e9publique de La Rochelle, le D\u00e9put\u00e9-Maire de La Rochelle, le Pr\u00e9sident du Conseil G\u00e9n\u00e9ral de Lire plus ...\" \/>\n<meta property=\"og:url\" content=\"https:\/\/maisondejusticetdudroit.fr\/index.php\/presentation\/\" \/>\n<meta property=\"og:site_name\" content=\"Maison De Justice et du Droit de La Rochelle\" \/>\n<meta property=\"article:modified_time\" content=\"2021-03-21T17:40:22+00:00\" \/>\n<meta name=\"twitter:card\" content=\"summary_large_image\" \/>\n<meta name=\"twitter:label1\" content=\"Dur\u00e9e de lecture estim\u00e9e\" \/>\n\t<meta name=\"twitter:data1\" content=\"1 minute\" \/>\n<script type=\"application\/ld+json\" class=\"yoast-schema-graph\">{\"@context\":\"https:\/\/schema.org\",\"@graph\":[{\"@type\":\"WebPage\",\"@id\":\"https:\/\/maisondejusticetdudroit.fr\/index.php\/presentation\/\",\"url\":\"https:\/\/maisondejusticetdudroit.fr\/index.php\/presentation\/\",\"name\":\"Pr\u00e9sentation - Maison De Justice et du Droit de La Rochelle\",\"isPartOf\":{\"@id\":\"https:\/\/maisondejusticetdudroit.fr\/#website\"},\"datePublished\":\"2019-12-04T18:11:21+00:00\",\"dateModified\":\"2021-03-21T17:40:22+00:00\",\"breadcrumb\":{\"@id\":\"https:\/\/maisondejusticetdudroit.fr\/index.php\/presentation\/#breadcrumb\"},\"inLanguage\":\"fr-FR\",\"potentialAction\":[{\"@type\":\"ReadAction\",\"target\":[\"https:\/\/maisondejusticetdudroit.fr\/index.php\/presentation\/\"]}]},{\"@type\":\"BreadcrumbList\",\"@id\":\"https:\/\/maisondejusticetdudroit.fr\/index.php\/presentation\/#breadcrumb\",\"itemListElement\":[{\"@type\":\"ListItem\",\"position\":1,\"name\":\"Accueil\",\"item\":\"https:\/\/maisondejusticetdudroit.fr\/\"},{\"@type\":\"ListItem\",\"position\":2,\"name\":\"Pr\u00e9sentation\"}]},{\"@type\":\"WebSite\",\"@id\":\"https:\/\/maisondejusticetdudroit.fr\/#website\",\"url\":\"https:\/\/maisondejusticetdudroit.fr\/\",\"name\":\"Maison De Justice et du Droit de La Rochelle\",\"description\":\"Un service gratuit et confidentiel d&#039;information juridique\",\"publisher\":{\"@id\":\"https:\/\/maisondejusticetdudroit.fr\/#organization\"},\"potentialAction\":[{\"@type\":\"SearchAction\",\"target\":{\"@type\":\"EntryPoint\",\"urlTemplate\":\"https:\/\/maisondejusticetdudroit.fr\/?s={search_term_string}\"},\"query-input\":\"required name=search_term_string\"}],\"inLanguage\":\"fr-FR\"},{\"@type\":\"Organization\",\"@id\":\"https:\/\/maisondejusticetdudroit.fr\/#organization\",\"name\":\"Maison de justice et du droit de La Rochelle\",\"url\":\"https:\/\/maisondejusticetdudroit.fr\/\",\"sameAs\":[],\"logo\":{\"@type\":\"ImageObject\",\"inLanguage\":\"fr-FR\",\"@id\":\"https:\/\/maisondejusticetdudroit.fr\/#\/schema\/logo\/image\/\",\"url\":\"https:\/\/maisondejusticetdudroit.fr\/wp-content\/uploads\/2019\/12\/logo_MDJ.png\",\"contentUrl\":\"https:\/\/maisondejusticetdudroit.fr\/wp-content\/uploads\/2019\/12\/logo_MDJ.png\",\"width\":360,\"height\":270,\"caption\":\"Maison de justice et du droit de La Rochelle\"},\"image\":{\"@id\":\"https:\/\/maisondejusticetdudroit.fr\/#\/schema\/logo\/image\/\"}}]}<\/script>\n<!-- \/ Yoast SEO plugin. -->","yoast_head_json":{"title":"Pr\u00e9sentation - Maison De Justice et du Droit de La Rochelle","robots":{"index":"index","follow":"follow","max-snippet":"max-snippet:-1","max-image-preview":"max-image-preview:large","max-video-preview":"max-video-preview:-1"},"canonical":"https:\/\/maisondejusticetdudroit.fr\/index.php\/presentation\/","og_locale":"fr_FR","og_type":"article","og_title":"Pr\u00e9sentation - Maison De Justice et du Droit de La Rochelle","og_description":"La Maison de Justice et du Droit de La Rochelle a \u00e9t\u00e9 cr\u00e9\u00e9e par une convention sign\u00e9e le 25 septembre 2001\u00a0par le Pr\u00e9fet de la Charente-Maritime, le Pr\u00e9sident du Tribunal de Grande Instance de La Rochelle, le Procureur de la R\u00e9publique de La Rochelle, le D\u00e9put\u00e9-Maire de La Rochelle, le Pr\u00e9sident du Conseil G\u00e9n\u00e9ral de Lire plus ...","og_url":"https:\/\/maisondejusticetdudroit.fr\/index.php\/presentation\/","og_site_name":"Maison De Justice et du Droit de La Rochelle","article_modified_time":"2021-03-21T17:40:22+00:00","twitter_card":"summary_large_image","twitter_misc":{"Dur\u00e9e de lecture estim\u00e9e":"1 minute"},"schema":{"@context":"https:\/\/schema.org","@graph":[{"@type":"WebPage","@id":"https:\/\/maisondejusticetdudroit.fr\/index.php\/presentation\/","url":"https:\/\/maisondejusticetdudroit.fr\/index.php\/presentation\/","name":"Pr\u00e9sentation - Maison De Justice et du Droit de La Rochelle","isPartOf":{"@id":"https:\/\/maisondejusticetdudroit.fr\/#website"},"datePublished":"2019-12-04T18:11:21+00:00","dateModified":"2021-03-21T17:40:22+00:00","breadcrumb":{"@id":"https:\/\/maisondejusticetdudroit.fr\/index.php\/presentation\/#breadcrumb"},"inLanguage":"fr-FR","potentialAction":[{"@type":"ReadAction","target":["https:\/\/maisondejusticetdudroit.fr\/index.php\/presentation\/"]}]},{"@type":"BreadcrumbList","@id":"https:\/\/maisondejusticetdudroit.fr\/index.php\/presentation\/#breadcrumb","itemListElement":[{"@type":"ListItem","position":1,"name":"Accueil","item":"https:\/\/maisondejusticetdudroit.fr\/"},{"@type":"ListItem","position":2,"name":"Pr\u00e9sentation"}]},{"@type":"WebSite","@id":"https:\/\/maisondejusticetdudroit.fr\/#website","url":"https:\/\/maisondejusticetdudroit.fr\/","name":"Maison De Justice et du Droit de La Rochelle","description":"Un service gratuit et confidentiel d&#039;information juridique","publisher":{"@id":"https:\/\/maisondejusticetdudroit.fr\/#organization"},"potentialAction":[{"@type":"SearchAction","target":{"@type":"EntryPoint","urlTemplate":"https:\/\/maisondejusticetdudroit.fr\/?s={search_term_string}"},"query-input":"required name=search_term_string"}],"inLanguage":"fr-FR"},{"@type":"Organization","@id":"https:\/\/maisondejusticetdudroit.fr\/#organization","name":"Maison de justice et du droit de La Rochelle","url":"https:\/\/maisondejusticetdudroit.fr\/","sameAs":[],"logo":{"@type":"ImageObject","inLanguage":"fr-FR","@id":"https:\/\/maisondejusticetdudroit.fr\/#\/schema\/logo\/image\/","url":"https:\/\/maisondejusticetdudroit.fr\/wp-content\/uploads\/2019\/12\/logo_MDJ.png","contentUrl":"https:\/\/maisondejusticetdudroit.fr\/wp-content\/uploads\/2019\/12\/logo_MDJ.png","width":360,"height":270,"caption":"Maison de justice et du droit de La Rochelle"},"image":{"@id":"https:\/\/maisondejusticetdudroit.fr\/#\/schema\/logo\/image\/"}}]}},"_links":{"self":[{"href":"https:\/\/maisondejusticetdudroit.fr\/index.php\/wp-json\/wp\/v2\/pages\/1051"}],"collection":[{"href":"https:\/\/maisondejusticetdudroit.fr\/index.php\/wp-json\/wp\/v2\/pages"}],"about":[{"href":"https:\/\/maisondejusticetdudroit.fr\/index.php\/wp-json\/wp\/v2\/types\/page"}],"author":[{"embeddable":true,"href":"https:\/\/maisondejusticetdudroit.fr\/index.php\/wp-json\/wp\/v2\/users\/1"}],"replies":[{"embeddable":true,"href":"https:\/\/maisondejusticetdudroit.fr\/index.php\/wp-json\/wp\/v2\/comments?post=1051"}],"version-history":[{"count":53,"href":"https:\/\/maisondejusticetdudroit.fr\/index.php\/wp-json\/wp\/v2\/pages\/1051\/revisions"}],"predecessor-version":[{"id":4460,"href":"https:\/\/maisondejusticetdudroit.fr\/index.php\/wp-json\/wp\/v2\/pages\/1051\/revisions\/4460"}],"wp:attachment":[{"href":"https:\/\/maisondejusticetdudroit.fr\/index.php\/wp-json\/wp\/v2\/media?parent=1051"}],"curies":[{"name":"wp","href":"https:\/\/api.w.org\/{rel}","templated":true}]}}