{"id":1168,"date":"2019-12-05T13:48:00","date_gmt":"2019-12-05T12:48:00","guid":{"rendered":"http:\/\/maisondejusticeetdudroit.fr\/?page_id=1168"},"modified":"2020-01-06T00:00:56","modified_gmt":"2020-01-05T23:00:56","slug":"la-banque-de-france","status":"publish","type":"page","link":"https:\/\/maisondejusticetdudroit.fr\/index.php\/la-banque-de-france\/","title":{"rendered":"La Banque de France"},"content":{"rendered":"\t\t<div data-elementor-type=\"wp-page\" data-elementor-id=\"1168\" class=\"elementor elementor-1168\">\n\t\t\t\t\t\t<div class=\"elementor-inner\">\n\t\t\t\t<div class=\"elementor-section-wrap\">\n\t\t\t\t\t\t\t\t\t<section class=\"elementor-section elementor-top-section elementor-element elementor-element-f632b65 elementor-section-full_width elementor-section-height-default elementor-section-height-default\" data-id=\"f632b65\" data-element_type=\"section\">\n\t\t\t\t\t\t<div class=\"elementor-container elementor-column-gap-default\">\n\t\t\t\t\t\t\t<div class=\"elementor-row\">\n\t\t\t\t\t<div class=\"elementor-column elementor-col-100 elementor-top-column elementor-element elementor-element-0bd101b\" data-id=\"0bd101b\" data-element_type=\"column\">\n\t\t\t<div class=\"elementor-column-wrap elementor-element-populated\">\n\t\t\t\t\t\t\t<div class=\"elementor-widget-wrap\">\n\t\t\t\t\t\t<div class=\"elementor-element elementor-element-dfa3533 elementor-widget elementor-widget-image\" data-id=\"dfa3533\" data-element_type=\"widget\" data-widget_type=\"image.default\">\n\t\t\t\t<div class=\"elementor-widget-container\">\n\t\t\t\t\t\t\t\t<div class=\"elementor-image\">\n\t\t\t\t\t\t\t\t\t\t\t\t<img loading=\"lazy\" decoding=\"async\" width=\"448\" height=\"105\" src=\"https:\/\/maisondejusticetdudroit.fr\/wp-content\/uploads\/2019\/12\/Banque-de-france.jpg\" class=\"attachment-large size-large no-lazy\" alt=\"\" srcset=\"https:\/\/maisondejusticetdudroit.fr\/wp-content\/uploads\/2019\/12\/Banque-de-france.jpg 448w, https:\/\/maisondejusticetdudroit.fr\/wp-content\/uploads\/2019\/12\/Banque-de-france-300x70.jpg 300w\" sizes=\"(max-width: 448px) 100vw, 448px\" \/>\t\t\t\t\t\t\t\t\t\t\t\t\t\t<\/div>\n\t\t\t\t\t\t<\/div>\n\t\t\t\t<\/div>\n\t\t\t\t\t\t<\/div>\n\t\t\t\t\t<\/div>\n\t\t<\/div>\n\t\t\t\t\t\t\t\t<\/div>\n\t\t\t\t\t<\/div>\n\t\t<\/section>\n\t\t\t\t<section class=\"elementor-section elementor-top-section elementor-element elementor-element-217c69d elementor-section-boxed elementor-section-height-default elementor-section-height-default\" data-id=\"217c69d\" data-element_type=\"section\">\n\t\t\t\t\t\t<div class=\"elementor-container elementor-column-gap-default\">\n\t\t\t\t\t\t\t<div class=\"elementor-row\">\n\t\t\t\t\t<div class=\"elementor-column elementor-col-100 elementor-top-column elementor-element elementor-element-aec4af3\" data-id=\"aec4af3\" data-element_type=\"column\">\n\t\t\t<div class=\"elementor-column-wrap elementor-element-populated\">\n\t\t\t\t\t\t\t<div class=\"elementor-widget-wrap\">\n\t\t\t\t\t\t<div class=\"elementor-element elementor-element-66dc3f8 elementor-widget elementor-widget-text-editor\" data-id=\"66dc3f8\" data-element_type=\"widget\" data-widget_type=\"text-editor.default\">\n\t\t\t\t<div class=\"elementor-widget-container\">\n\t\t\t\t\t\t\t\t<div class=\"elementor-text-editor elementor-clearfix\">\n\t\t\t\t\t\t\t\t\t<\/div>\n\t\t\t\t\t\t<\/div>\n\t\t\t\t<\/div>\n\t\t\t\t\t\t<\/div>\n\t\t\t\t\t<\/div>\n\t\t<\/div>\n\t\t\t\t\t\t\t\t<\/div>\n\t\t\t\t\t<\/div>\n\t\t<\/section>\n\t\t\t\t<section class=\"elementor-section elementor-top-section elementor-element elementor-element-88e1d04 elementor-section-full_width elementor-section-height-default elementor-section-height-default\" data-id=\"88e1d04\" data-element_type=\"section\">\n\t\t\t\t\t\t<div class=\"elementor-container elementor-column-gap-default\">\n\t\t\t\t\t\t\t<div class=\"elementor-row\">\n\t\t\t\t\t<div class=\"elementor-column elementor-col-100 elementor-top-column elementor-element elementor-element-1a92675\" data-id=\"1a92675\" data-element_type=\"column\">\n\t\t\t<div class=\"elementor-column-wrap elementor-element-populated\">\n\t\t\t\t\t\t\t<div class=\"elementor-widget-wrap\">\n\t\t\t\t\t\t<div class=\"elementor-element elementor-element-7b3a4de elementor-widget elementor-widget-text-editor\" data-id=\"7b3a4de\" data-element_type=\"widget\" data-widget_type=\"text-editor.default\">\n\t\t\t\t<div class=\"elementor-widget-container\">\n\t\t\t\t\t\t\t\t<div class=\"elementor-text-editor elementor-clearfix\">\n\t\t\t\t<div class=\"field field-name-field-parag-text field-type-text-long field-label-hidden\"><div class=\"field-item even rich-text\"><p><strong>Un portail national de l&rsquo;\u00e9ducation \u00e9conomique, budg\u00e9taire et financi\u00e8re y est accessible.<\/strong> Il vous permet, notamment, d&rsquo;y trouver des r\u00e9ponses aux questions d&rsquo;argent que vous vous posez, afin \u00ab\u00a0<em>de mieux comprendre pour mieux d\u00e9cider<\/em>\u00ab\u00a0.<\/p><p>Vous y trouverez ainsi :<\/p><ul><li>Des informations gratuites, actualis\u00e9s neutres et p\u00e9dagogiques sur les sujets li\u00e9s \u00e0 l\u2019argent<\/li><li>Des contacts de proximit\u00e9<\/li><li>Des outils pratiques (lettres-type, vid\u00e9os, simulateurs)<\/li><\/ul><p style=\"text-align: center;\"><a href=\"https:\/\/www.mesquestionsdargent.fr\/\" target=\"_blank\" rel=\"noopener\">R\u00e9ponses \u00e0 mes questions d&rsquo;argent<\/a><\/p><\/div><\/div>\t\t\t\t\t<\/div>\n\t\t\t\t\t\t<\/div>\n\t\t\t\t<\/div>\n\t\t\t\t\t\t<\/div>\n\t\t\t\t\t<\/div>\n\t\t<\/div>\n\t\t\t\t\t\t\t\t<\/div>\n\t\t\t\t\t<\/div>\n\t\t<\/section>\n\t\t\t\t<section class=\"elementor-section elementor-top-section elementor-element elementor-element-6c56f3b elementor-section-full_width elementor-section-height-default elementor-section-height-default\" data-id=\"6c56f3b\" data-element_type=\"section\">\n\t\t\t\t\t\t<div class=\"elementor-container elementor-column-gap-default\">\n\t\t\t\t\t\t\t<div class=\"elementor-row\">\n\t\t\t\t\t<div class=\"elementor-column elementor-col-100 elementor-top-column elementor-element elementor-element-7f6b013\" data-id=\"7f6b013\" data-element_type=\"column\">\n\t\t\t<div class=\"elementor-column-wrap elementor-element-populated\">\n\t\t\t\t\t\t\t<div class=\"elementor-widget-wrap\">\n\t\t\t\t\t\t<div class=\"elementor-element elementor-element-2d297af elementor-widget elementor-widget-text-editor\" data-id=\"2d297af\" data-element_type=\"widget\" data-widget_type=\"text-editor.default\">\n\t\t\t\t<div class=\"elementor-widget-container\">\n\t\t\t\t\t\t\t\t<div class=\"elementor-text-editor elementor-clearfix\">\n\t\t\t\t<p><strong>Vous avez des difficult\u00e9s financi\u00e8res et souhaitez faire une demande de surendettement.<\/strong><\/p><p>La Banque de France met \u00e0 votre disposition :<\/p><p>&#8211; <a href=\"https:\/\/particuliers.banque-france.fr\/sites\/default\/files\/media\/2019\/01\/30\/1-dossier-surendettement.pdf\" target=\"_blank\" rel=\"noopener\">une demande de surendettement<\/a><\/p><p>&#8211; <a href=\"https:\/\/particuliers.banque-france.fr\/sites\/default\/files\/2-comment-remplir-dossier_0.pdf\" target=\"_blank\" rel=\"noopener\">une notice pour vous aider \u00e0 remplir votre demande<\/a><\/p><p>&#8211; <a href=\"https:\/\/particuliers.banque-france.fr\/sites\/default\/files\/guide-surendettement.pdf\" target=\"_blank\" rel=\"noopener\">un guide d\u00e9taill\u00e9 sur le surendettement<\/a><\/p>\t\t\t\t\t<\/div>\n\t\t\t\t\t\t<\/div>\n\t\t\t\t<\/div>\n\t\t\t\t\t\t<\/div>\n\t\t\t\t\t<\/div>\n\t\t<\/div>\n\t\t\t\t\t\t\t\t<\/div>\n\t\t\t\t\t<\/div>\n\t\t<\/section>\n\t\t\t\t<section class=\"elementor-section elementor-top-section elementor-element elementor-element-ff951ba elementor-section-full_width elementor-section-height-default elementor-section-height-default\" data-id=\"ff951ba\" data-element_type=\"section\">\n\t\t\t\t\t\t<div class=\"elementor-container elementor-column-gap-default\">\n\t\t\t\t\t\t\t<div class=\"elementor-row\">\n\t\t\t\t\t<div class=\"elementor-column elementor-col-100 elementor-top-column elementor-element elementor-element-3e4de98\" data-id=\"3e4de98\" data-element_type=\"column\">\n\t\t\t<div class=\"elementor-column-wrap elementor-element-populated\">\n\t\t\t\t\t\t\t<div class=\"elementor-widget-wrap\">\n\t\t\t\t\t\t<div class=\"elementor-element elementor-element-70658b2 elementor-widget elementor-widget-text-editor\" data-id=\"70658b2\" data-element_type=\"widget\" data-widget_type=\"text-editor.default\">\n\t\t\t\t<div class=\"elementor-widget-container\">\n\t\t\t\t\t\t\t\t<div class=\"elementor-text-editor elementor-clearfix\">\n\t\t\t\t<p><strong>La Banque de France veille aussi \u00e0 pr\u00e9server et \u00e0 am\u00e9liorer la fiabilit\u00e9 et la s\u00e9curit\u00e9 des instruments de paiement et notamment du ch\u00e8que.<\/strong><\/p>\n<p>Dans le cadre du dispositif pr\u00e9ventif de lutte contre l\u2019\u00e9mission de ch\u00e8ques sans provision, le Fichier central des ch\u00e8ques (FCC) et le Fichier national des ch\u00e8ques irr\u00e9guliers (FNCI), g\u00e9r\u00e9s par la Banque de France, jouent un r\u00f4le pr\u00e9pond\u00e9rant.<\/p>\n<p>La Banque de France met \u00e0 votre disposition une note d&rsquo;information concernant ces deux fichiers: <a href=\"https:\/\/particuliers.banque-france.fr\/sites\/default\/files\/ni_fcc-fnci_09_2015web_0.pdf\" target=\"_blank\" rel=\"noopener\">https:\/\/particuliers.banque-france.fr\/sites\/default\/files\/ni_fcc-fnci_09_2015web_0.pdf<\/a><\/p>\n<p>Parall\u00e8lement \u00e0 la cr\u00e9ation du dispositif du surendettement et dans une logique de pr\u00e9vention, le l\u00e9gislateur a cr\u00e9\u00e9 le Fichier national des incidents de remboursement des cr\u00e9dits aux particuliers (FICP) dont la gestion a \u00e9t\u00e9 confi\u00e9e \u00e0 la Banque de France. Cette derni\u00e8re met \u00e0 votre disposition une note d&rsquo;information concernant le FICP :<br><a href=\"https:\/\/particuliers.banque-france.fr\/sites\/default\/files\/ni_ficp_09_2015_0.pdf\" target=\"_blank\" rel=\"noopener\">https:\/\/particuliers.banque-france.fr\/sites\/default\/files\/ni_ficp_09_2015_0.pdf<\/a><\/p>\t\t\t\t\t<\/div>\n\t\t\t\t\t\t<\/div>\n\t\t\t\t<\/div>\n\t\t\t\t\t\t<\/div>\n\t\t\t\t\t<\/div>\n\t\t<\/div>\n\t\t\t\t\t\t\t\t<\/div>\n\t\t\t\t\t<\/div>\n\t\t<\/section>\n\t\t\t\t<section class=\"elementor-section elementor-top-section elementor-element elementor-element-22d398e elementor-section-full_width elementor-section-height-default elementor-section-height-default\" data-id=\"22d398e\" data-element_type=\"section\">\n\t\t\t\t\t\t<div class=\"elementor-container elementor-column-gap-default\">\n\t\t\t\t\t\t\t<div class=\"elementor-row\">\n\t\t\t\t\t<div class=\"elementor-column elementor-col-100 elementor-top-column elementor-element elementor-element-7da5698\" data-id=\"7da5698\" data-element_type=\"column\">\n\t\t\t<div class=\"elementor-column-wrap elementor-element-populated\">\n\t\t\t\t\t\t\t<div class=\"elementor-widget-wrap\">\n\t\t\t\t\t\t<div class=\"elementor-element elementor-element-e629fd5 elementor-widget elementor-widget-text-editor\" data-id=\"e629fd5\" data-element_type=\"widget\" data-widget_type=\"text-editor.default\">\n\t\t\t\t<div class=\"elementor-widget-container\">\n\t\t\t\t\t\t\t\t<div class=\"elementor-text-editor elementor-clearfix\">\n\t\t\t\t<p><strong>La Banque de France de la Charente-Maritime a une succursale d\u00e9partementale \u00e0 La Rochelle et deux bureaux d&rsquo;accueil et d&rsquo;information, respectivement \u00e0 Rochefort-sur-Mer et \u00e0 Saintes.<\/strong><\/p><p>Vous pouvez y prendre rendez-vous ou faire une demande en ligne.<\/p><p>Vous pouvez acc\u00e9der \u00e0 ces services, en cliquant sur le lien ci-apr\u00e8s : <a href=\"https:\/\/particuliers.banque-france.fr\/surendettement\/vos-interlocuteurs-votre-commission\/nouvelle-aquitaine\/departement-de-la-charente-maritime\" target=\"_blank\" rel=\"noopener\">https:\/\/particuliers.banque-france.fr\/surendettement\/vos-interlocuteurs-votre-commission\/nouvelle-aquitaine\/departement-de-la-charente-maritime<\/a><\/p>\t\t\t\t\t<\/div>\n\t\t\t\t\t\t<\/div>\n\t\t\t\t<\/div>\n\t\t\t\t\t\t<\/div>\n\t\t\t\t\t<\/div>\n\t\t<\/div>\n\t\t\t\t\t\t\t\t<\/div>\n\t\t\t\t\t<\/div>\n\t\t<\/section>\n\t\t\t\t<section class=\"elementor-section elementor-top-section elementor-element elementor-element-0e29e32 elementor-section-boxed elementor-section-height-default elementor-section-height-default\" data-id=\"0e29e32\" data-element_type=\"section\">\n\t\t\t\t\t\t<div class=\"elementor-container elementor-column-gap-default\">\n\t\t\t\t\t\t\t<div class=\"elementor-row\">\n\t\t\t\t\t<div class=\"elementor-column elementor-col-100 elementor-top-column elementor-element elementor-element-6bdf29b\" data-id=\"6bdf29b\" data-element_type=\"column\">\n\t\t\t<div class=\"elementor-column-wrap elementor-element-populated\">\n\t\t\t\t\t\t\t<div class=\"elementor-widget-wrap\">\n\t\t\t\t\t\t<div class=\"elementor-element elementor-element-eb2e3cf elementor-widget elementor-widget-text-editor\" data-id=\"eb2e3cf\" data-element_type=\"widget\" data-widget_type=\"text-editor.default\">\n\t\t\t\t<div class=\"elementor-widget-container\">\n\t\t\t\t\t\t\t\t<div class=\"elementor-text-editor elementor-clearfix\">\n\t\t\t\t\t\t\t\t\t<\/div>\n\t\t\t\t\t\t<\/div>\n\t\t\t\t<\/div>\n\t\t\t\t\t\t<\/div>\n\t\t\t\t\t<\/div>\n\t\t<\/div>\n\t\t\t\t\t\t\t\t<\/div>\n\t\t\t\t\t<\/div>\n\t\t<\/section>\n\t\t\t\t<section class=\"elementor-section elementor-top-section elementor-element elementor-element-ee65759 elementor-section-boxed elementor-section-height-default elementor-section-height-default\" data-id=\"ee65759\" data-element_type=\"section\">\n\t\t\t\t\t\t<div class=\"elementor-container elementor-column-gap-default\">\n\t\t\t\t\t\t\t<div class=\"elementor-row\">\n\t\t\t\t\t<div class=\"elementor-column elementor-col-33 elementor-top-column elementor-element elementor-element-233f6fe\" data-id=\"233f6fe\" data-element_type=\"column\">\n\t\t\t<div class=\"elementor-column-wrap\">\n\t\t\t\t\t\t\t<div class=\"elementor-widget-wrap\">\n\t\t\t\t\t\t\t\t<\/div>\n\t\t\t\t\t<\/div>\n\t\t<\/div>\n\t\t\t\t<div class=\"elementor-column elementor-col-33 elementor-top-column elementor-element elementor-element-736869b\" data-id=\"736869b\" data-element_type=\"column\">\n\t\t\t<div class=\"elementor-column-wrap elementor-element-populated\">\n\t\t\t\t\t\t\t<div class=\"elementor-widget-wrap\">\n\t\t\t\t\t\t<div class=\"elementor-element elementor-element-beea41b elementor-widget elementor-widget-image\" data-id=\"beea41b\" data-element_type=\"widget\" data-widget_type=\"image.default\">\n\t\t\t\t<div class=\"elementor-widget-container\">\n\t\t\t\t\t\t\t\t<div class=\"elementor-image\">\n\t\t\t\t\t\t\t\t\t\t\t\t\t<a href=\"https:\/\/particuliers.banque-france.fr\/\" target=\"_blank\">\n\t\t\t\t\t\t\t<img loading=\"lazy\" decoding=\"async\" width=\"251\" height=\"201\" src=\"https:\/\/maisondejusticetdudroit.fr\/wp-content\/uploads\/2019\/12\/En-savoir-.png\" class=\"attachment-large size-large no-lazy\" alt=\"\" \/>\t\t\t\t\t\t\t\t<\/a>\n\t\t\t\t\t\t\t\t\t\t\t\t\t\t<\/div>\n\t\t\t\t\t\t<\/div>\n\t\t\t\t<\/div>\n\t\t\t\t\t\t<\/div>\n\t\t\t\t\t<\/div>\n\t\t<\/div>\n\t\t\t\t<div class=\"elementor-column elementor-col-33 elementor-top-column elementor-element elementor-element-f72adac\" data-id=\"f72adac\" data-element_type=\"column\">\n\t\t\t<div class=\"elementor-column-wrap\">\n\t\t\t\t\t\t\t<div class=\"elementor-widget-wrap\">\n\t\t\t\t\t\t\t\t<\/div>\n\t\t\t\t\t<\/div>\n\t\t<\/div>\n\t\t\t\t\t\t\t\t<\/div>\n\t\t\t\t\t<\/div>\n\t\t<\/section>\n\t\t\t\t\t\t\t\t\t<\/div>\n\t\t\t<\/div>\n\t\t\t\t\t<\/div>\n\t\t","protected":false},"excerpt":{"rendered":"<p>Un portail national de l&rsquo;\u00e9ducation \u00e9conomique, budg\u00e9taire et financi\u00e8re y est accessible. Il vous permet, notamment, d&rsquo;y trouver des r\u00e9ponses aux questions d&rsquo;argent que vous vous posez, afin \u00ab\u00a0de mieux comprendre pour mieux d\u00e9cider\u00ab\u00a0. Vous y trouverez ainsi : Des informations gratuites, actualis\u00e9s neutres et p\u00e9dagogiques sur les sujets li\u00e9s \u00e0 l\u2019argent Des contacts de <a class=\"more-link\" href=\"https:\/\/maisondejusticetdudroit.fr\/index.php\/la-banque-de-france\/\">Lire plus &#8230;<\/a><\/p>\n","protected":false},"author":1,"featured_media":0,"parent":0,"menu_order":0,"comment_status":"closed","ping_status":"closed","template":"","meta":{"footnotes":""},"yoast_head":"<!-- This site is optimized with the Yoast SEO plugin v19.7.2 - https:\/\/yoast.com\/wordpress\/plugins\/seo\/ -->\n<title>La Banque de France - Maison De Justice et du Droit de La Rochelle<\/title>\n<meta name=\"robots\" content=\"index, follow, max-snippet:-1, max-image-preview:large, max-video-preview:-1\" \/>\n<link rel=\"canonical\" href=\"https:\/\/maisondejusticetdudroit.fr\/index.php\/la-banque-de-france\/\" \/>\n<meta property=\"og:locale\" content=\"fr_FR\" \/>\n<meta property=\"og:type\" content=\"article\" \/>\n<meta property=\"og:title\" content=\"La Banque de France - Maison De Justice et du Droit de La Rochelle\" \/>\n<meta property=\"og:description\" content=\"Un portail national de l&rsquo;\u00e9ducation \u00e9conomique, budg\u00e9taire et financi\u00e8re y est accessible. Il vous permet, notamment, d&rsquo;y trouver des r\u00e9ponses aux questions d&rsquo;argent que vous vous posez, afin \u00ab\u00a0de mieux comprendre pour mieux d\u00e9cider\u00ab\u00a0. Vous y trouverez ainsi : Des informations gratuites, actualis\u00e9s neutres et p\u00e9dagogiques sur les sujets li\u00e9s \u00e0 l\u2019argent Des contacts de Lire plus ...\" \/>\n<meta property=\"og:url\" content=\"https:\/\/maisondejusticetdudroit.fr\/index.php\/la-banque-de-france\/\" \/>\n<meta property=\"og:site_name\" content=\"Maison De Justice et du Droit de La Rochelle\" \/>\n<meta property=\"article:modified_time\" content=\"2020-01-05T23:00:56+00:00\" \/>\n<meta property=\"og:image\" content=\"https:\/\/maisondejusticeetdudroit.fr\/wp-content\/uploads\/2019\/12\/Banque-de-france.jpg\" \/>\n<meta name=\"twitter:card\" content=\"summary_large_image\" \/>\n<meta name=\"twitter:label1\" content=\"Dur\u00e9e de lecture estim\u00e9e\" \/>\n\t<meta name=\"twitter:data1\" content=\"2 minutes\" \/>\n<script type=\"application\/ld+json\" class=\"yoast-schema-graph\">{\"@context\":\"https:\/\/schema.org\",\"@graph\":[{\"@type\":\"WebPage\",\"@id\":\"https:\/\/maisondejusticetdudroit.fr\/index.php\/la-banque-de-france\/\",\"url\":\"https:\/\/maisondejusticetdudroit.fr\/index.php\/la-banque-de-france\/\",\"name\":\"La Banque de France - Maison De Justice et du Droit de La Rochelle\",\"isPartOf\":{\"@id\":\"https:\/\/maisondejusticetdudroit.fr\/#website\"},\"datePublished\":\"2019-12-05T12:48:00+00:00\",\"dateModified\":\"2020-01-05T23:00:56+00:00\",\"breadcrumb\":{\"@id\":\"https:\/\/maisondejusticetdudroit.fr\/index.php\/la-banque-de-france\/#breadcrumb\"},\"inLanguage\":\"fr-FR\",\"potentialAction\":[{\"@type\":\"ReadAction\",\"target\":[\"https:\/\/maisondejusticetdudroit.fr\/index.php\/la-banque-de-france\/\"]}]},{\"@type\":\"BreadcrumbList\",\"@id\":\"https:\/\/maisondejusticetdudroit.fr\/index.php\/la-banque-de-france\/#breadcrumb\",\"itemListElement\":[{\"@type\":\"ListItem\",\"position\":1,\"name\":\"Accueil\",\"item\":\"https:\/\/maisondejusticetdudroit.fr\/\"},{\"@type\":\"ListItem\",\"position\":2,\"name\":\"La Banque de France\"}]},{\"@type\":\"WebSite\",\"@id\":\"https:\/\/maisondejusticetdudroit.fr\/#website\",\"url\":\"https:\/\/maisondejusticetdudroit.fr\/\",\"name\":\"Maison De Justice et du Droit de La Rochelle\",\"description\":\"Un service gratuit et confidentiel d&#039;information juridique\",\"publisher\":{\"@id\":\"https:\/\/maisondejusticetdudroit.fr\/#organization\"},\"potentialAction\":[{\"@type\":\"SearchAction\",\"target\":{\"@type\":\"EntryPoint\",\"urlTemplate\":\"https:\/\/maisondejusticetdudroit.fr\/?s={search_term_string}\"},\"query-input\":\"required name=search_term_string\"}],\"inLanguage\":\"fr-FR\"},{\"@type\":\"Organization\",\"@id\":\"https:\/\/maisondejusticetdudroit.fr\/#organization\",\"name\":\"Maison de justice et du droit de La Rochelle\",\"url\":\"https:\/\/maisondejusticetdudroit.fr\/\",\"sameAs\":[],\"logo\":{\"@type\":\"ImageObject\",\"inLanguage\":\"fr-FR\",\"@id\":\"https:\/\/maisondejusticetdudroit.fr\/#\/schema\/logo\/image\/\",\"url\":\"https:\/\/maisondejusticetdudroit.fr\/wp-content\/uploads\/2019\/12\/logo_MDJ.png\",\"contentUrl\":\"https:\/\/maisondejusticetdudroit.fr\/wp-content\/uploads\/2019\/12\/logo_MDJ.png\",\"width\":360,\"height\":270,\"caption\":\"Maison de justice et du droit de La Rochelle\"},\"image\":{\"@id\":\"https:\/\/maisondejusticetdudroit.fr\/#\/schema\/logo\/image\/\"}}]}<\/script>\n<!-- \/ Yoast SEO plugin. -->","yoast_head_json":{"title":"La Banque de France - Maison De Justice et du Droit de La Rochelle","robots":{"index":"index","follow":"follow","max-snippet":"max-snippet:-1","max-image-preview":"max-image-preview:large","max-video-preview":"max-video-preview:-1"},"canonical":"https:\/\/maisondejusticetdudroit.fr\/index.php\/la-banque-de-france\/","og_locale":"fr_FR","og_type":"article","og_title":"La Banque de France - Maison De Justice et du Droit de La Rochelle","og_description":"Un portail national de l&rsquo;\u00e9ducation \u00e9conomique, budg\u00e9taire et financi\u00e8re y est accessible. Il vous permet, notamment, d&rsquo;y trouver des r\u00e9ponses aux questions d&rsquo;argent que vous vous posez, afin \u00ab\u00a0de mieux comprendre pour mieux d\u00e9cider\u00ab\u00a0. Vous y trouverez ainsi : Des informations gratuites, actualis\u00e9s neutres et p\u00e9dagogiques sur les sujets li\u00e9s \u00e0 l\u2019argent Des contacts de Lire plus ...","og_url":"https:\/\/maisondejusticetdudroit.fr\/index.php\/la-banque-de-france\/","og_site_name":"Maison De Justice et du Droit de La Rochelle","article_modified_time":"2020-01-05T23:00:56+00:00","og_image":[{"url":"https:\/\/maisondejusticeetdudroit.fr\/wp-content\/uploads\/2019\/12\/Banque-de-france.jpg"}],"twitter_card":"summary_large_image","twitter_misc":{"Dur\u00e9e de lecture estim\u00e9e":"2 minutes"},"schema":{"@context":"https:\/\/schema.org","@graph":[{"@type":"WebPage","@id":"https:\/\/maisondejusticetdudroit.fr\/index.php\/la-banque-de-france\/","url":"https:\/\/maisondejusticetdudroit.fr\/index.php\/la-banque-de-france\/","name":"La Banque de France - Maison De Justice et du Droit de La Rochelle","isPartOf":{"@id":"https:\/\/maisondejusticetdudroit.fr\/#website"},"datePublished":"2019-12-05T12:48:00+00:00","dateModified":"2020-01-05T23:00:56+00:00","breadcrumb":{"@id":"https:\/\/maisondejusticetdudroit.fr\/index.php\/la-banque-de-france\/#breadcrumb"},"inLanguage":"fr-FR","potentialAction":[{"@type":"ReadAction","target":["https:\/\/maisondejusticetdudroit.fr\/index.php\/la-banque-de-france\/"]}]},{"@type":"BreadcrumbList","@id":"https:\/\/maisondejusticetdudroit.fr\/index.php\/la-banque-de-france\/#breadcrumb","itemListElement":[{"@type":"ListItem","position":1,"name":"Accueil","item":"https:\/\/maisondejusticetdudroit.fr\/"},{"@type":"ListItem","position":2,"name":"La Banque de France"}]},{"@type":"WebSite","@id":"https:\/\/maisondejusticetdudroit.fr\/#website","url":"https:\/\/maisondejusticetdudroit.fr\/","name":"Maison De Justice et du Droit de La Rochelle","description":"Un service gratuit et confidentiel d&#039;information juridique","publisher":{"@id":"https:\/\/maisondejusticetdudroit.fr\/#organization"},"potentialAction":[{"@type":"SearchAction","target":{"@type":"EntryPoint","urlTemplate":"https:\/\/maisondejusticetdudroit.fr\/?s={search_term_string}"},"query-input":"required name=search_term_string"}],"inLanguage":"fr-FR"},{"@type":"Organization","@id":"https:\/\/maisondejusticetdudroit.fr\/#organization","name":"Maison de justice et du droit de La Rochelle","url":"https:\/\/maisondejusticetdudroit.fr\/","sameAs":[],"logo":{"@type":"ImageObject","inLanguage":"fr-FR","@id":"https:\/\/maisondejusticetdudroit.fr\/#\/schema\/logo\/image\/","url":"https:\/\/maisondejusticetdudroit.fr\/wp-content\/uploads\/2019\/12\/logo_MDJ.png","contentUrl":"https:\/\/maisondejusticetdudroit.fr\/wp-content\/uploads\/2019\/12\/logo_MDJ.png","width":360,"height":270,"caption":"Maison de justice et du droit de La Rochelle"},"image":{"@id":"https:\/\/maisondejusticetdudroit.fr\/#\/schema\/logo\/image\/"}}]}},"_links":{"self":[{"href":"https:\/\/maisondejusticetdudroit.fr\/index.php\/wp-json\/wp\/v2\/pages\/1168"}],"collection":[{"href":"https:\/\/maisondejusticetdudroit.fr\/index.php\/wp-json\/wp\/v2\/pages"}],"about":[{"href":"https:\/\/maisondejusticetdudroit.fr\/index.php\/wp-json\/wp\/v2\/types\/page"}],"author":[{"embeddable":true,"href":"https:\/\/maisondejusticetdudroit.fr\/index.php\/wp-json\/wp\/v2\/users\/1"}],"replies":[{"embeddable":true,"href":"https:\/\/maisondejusticetdudroit.fr\/index.php\/wp-json\/wp\/v2\/comments?post=1168"}],"version-history":[{"count":28,"href":"https:\/\/maisondejusticetdudroit.fr\/index.php\/wp-json\/wp\/v2\/pages\/1168\/revisions"}],"predecessor-version":[{"id":2490,"href":"https:\/\/maisondejusticetdudroit.fr\/index.php\/wp-json\/wp\/v2\/pages\/1168\/revisions\/2490"}],"wp:attachment":[{"href":"https:\/\/maisondejusticetdudroit.fr\/index.php\/wp-json\/wp\/v2\/media?parent=1168"}],"curies":[{"name":"wp","href":"https:\/\/api.w.org\/{rel}","templated":true}]}}