{"id":1261,"date":"2019-12-05T18:39:03","date_gmt":"2019-12-05T17:39:03","guid":{"rendered":"http:\/\/maisondejusticeetdudroit.fr\/?page_id=1261"},"modified":"2020-01-06T00:20:50","modified_gmt":"2020-01-05T23:20:50","slug":"quest-ce-que-lacces-au-droit","status":"publish","type":"page","link":"https:\/\/maisondejusticetdudroit.fr\/index.php\/quest-ce-que-lacces-au-droit\/","title":{"rendered":"Qu&rsquo;est-ce que l&rsquo;acc\u00e8s au droit ?"},"content":{"rendered":"\t\t<div data-elementor-type=\"wp-page\" data-elementor-id=\"1261\" class=\"elementor elementor-1261\">\n\t\t\t\t\t\t<div class=\"elementor-inner\">\n\t\t\t\t<div class=\"elementor-section-wrap\">\n\t\t\t\t\t\t\t\t\t<section class=\"elementor-section elementor-top-section elementor-element elementor-element-9d64a96 elementor-section-boxed elementor-section-height-default elementor-section-height-default\" data-id=\"9d64a96\" data-element_type=\"section\">\n\t\t\t\t\t\t<div class=\"elementor-container elementor-column-gap-default\">\n\t\t\t\t\t\t\t<div class=\"elementor-row\">\n\t\t\t\t\t<div class=\"elementor-column elementor-col-100 elementor-top-column elementor-element elementor-element-188d35f\" data-id=\"188d35f\" data-element_type=\"column\">\n\t\t\t<div class=\"elementor-column-wrap elementor-element-populated\">\n\t\t\t\t\t\t\t<div class=\"elementor-widget-wrap\">\n\t\t\t\t\t\t<div class=\"elementor-element elementor-element-de11599 elementor-widget elementor-widget-text-editor\" data-id=\"de11599\" data-element_type=\"widget\" data-widget_type=\"text-editor.default\">\n\t\t\t\t<div class=\"elementor-widget-container\">\n\t\t\t\t\t\t\t\t<div class=\"elementor-text-editor elementor-clearfix\">\n\t\t\t\t<p>Principe fondamental de la citoyennet\u00e9, l\u2019acc\u00e8s au droit reconna\u00eet \u00e0 toute personne le droit de b\u00e9n\u00e9ficier :<\/p><ul><li>d\u2019une information g\u00e9n\u00e9rale sur ses droits et ses obligations et d\u2019\u00eatre orient\u00e9 vers les organismes charg\u00e9s de leur mise en \u0153uvre.<\/li><li>d\u2019une aide dans l\u2019accomplissement de d\u00e9marches en vue de l\u2019exercice d\u2019un droit ou de l\u2019ex\u00e9cution d\u2019une obligation de nature juridique et d\u2019une assistance au cours d\u2019une proc\u00e9dure non juridictionnelle.<\/li><li>d\u2019un acc\u00e8s \u00e0 des consultations juridiques.<\/li><li>\u00a0D\u2019une assistance pour la r\u00e9daction et la conclusion d\u2019actes juridiques.\u00a0\u00a0<\/li><\/ul><p>Cr\u00e9\u00e9s dans le cadre de la loi du 18 d\u00e9cembre 1998 relative \u00e0 l\u2019acc\u00e8s au droit et \u00e0 la justice de proximit\u00e9, les conseils d\u00e9partementaux de l\u2019acc\u00e8s au droit sont charg\u00e9s de recenser les besoins, de d\u00e9finir les politiques locales, d\u2019impulser des actions nouvelles, de dresser et de diffuser l\u2019inventaire des actions men\u00e9es, d\u2019\u00e9valuer la qualit\u00e9 et l\u2019efficacit\u00e9 des dispositifs mis en place en mati\u00e8re d\u2019acc\u00e8s au droit.<\/p><p>La politique d\u2019acc\u00e8s au droit est donc mise en \u0153uvre par 100 conseils d\u00e9partementaux d\u2019acc\u00e8s au droit (CDAD), groupement d\u2019int\u00e9r\u00eat public, pr\u00e9sid\u00e9 par le Pr\u00e9sident du Tribunal Judiciaire du chef-lieu du d\u00e9partement. Ils comptent parmi leurs membres des services de l\u2019Etat, des collectivit\u00e9s territoriales, des organisations professionnelles et associations diverses \u0153uvrant dans le domaine du droit.<\/p>\t\t\t\t\t<\/div>\n\t\t\t\t\t\t<\/div>\n\t\t\t\t<\/div>\n\t\t\t\t\t\t<\/div>\n\t\t\t\t\t<\/div>\n\t\t<\/div>\n\t\t\t\t\t\t\t\t<\/div>\n\t\t\t\t\t<\/div>\n\t\t<\/section>\n\t\t\t\t\t\t\t\t\t<\/div>\n\t\t\t<\/div>\n\t\t\t\t\t<\/div>\n\t\t","protected":false},"excerpt":{"rendered":"<p>Principe fondamental de la citoyennet\u00e9, l\u2019acc\u00e8s au droit reconna\u00eet \u00e0 toute personne le droit de b\u00e9n\u00e9ficier : d\u2019une information g\u00e9n\u00e9rale sur ses droits et ses obligations et d\u2019\u00eatre orient\u00e9 vers les organismes charg\u00e9s de leur mise en \u0153uvre. d\u2019une aide dans l\u2019accomplissement de d\u00e9marches en vue de l\u2019exercice d\u2019un droit ou de l\u2019ex\u00e9cution d\u2019une obligation <a class=\"more-link\" href=\"https:\/\/maisondejusticetdudroit.fr\/index.php\/quest-ce-que-lacces-au-droit\/\">Lire plus &#8230;<\/a><\/p>\n","protected":false},"author":1,"featured_media":0,"parent":0,"menu_order":0,"comment_status":"closed","ping_status":"closed","template":"","meta":{"footnotes":""},"yoast_head":"<!-- This site is optimized with the Yoast SEO plugin v19.7.2 - https:\/\/yoast.com\/wordpress\/plugins\/seo\/ -->\n<title>Qu&#039;est-ce que l&#039;acc\u00e8s au droit ? - Maison De Justice et du Droit de La Rochelle<\/title>\n<meta name=\"robots\" content=\"index, follow, max-snippet:-1, max-image-preview:large, max-video-preview:-1\" \/>\n<link rel=\"canonical\" href=\"https:\/\/maisondejusticetdudroit.fr\/index.php\/quest-ce-que-lacces-au-droit\/\" \/>\n<meta property=\"og:locale\" content=\"fr_FR\" \/>\n<meta property=\"og:type\" content=\"article\" \/>\n<meta property=\"og:title\" content=\"Qu&#039;est-ce que l&#039;acc\u00e8s au droit ? - Maison De Justice et du Droit de La Rochelle\" \/>\n<meta property=\"og:description\" content=\"Principe fondamental de la citoyennet\u00e9, l\u2019acc\u00e8s au droit reconna\u00eet \u00e0 toute personne le droit de b\u00e9n\u00e9ficier : d\u2019une information g\u00e9n\u00e9rale sur ses droits et ses obligations et d\u2019\u00eatre orient\u00e9 vers les organismes charg\u00e9s de leur mise en \u0153uvre. d\u2019une aide dans l\u2019accomplissement de d\u00e9marches en vue de l\u2019exercice d\u2019un droit ou de l\u2019ex\u00e9cution d\u2019une obligation Lire plus ...\" \/>\n<meta property=\"og:url\" content=\"https:\/\/maisondejusticetdudroit.fr\/index.php\/quest-ce-que-lacces-au-droit\/\" \/>\n<meta property=\"og:site_name\" content=\"Maison De Justice et du Droit de La Rochelle\" \/>\n<meta property=\"article:modified_time\" content=\"2020-01-05T23:20:50+00:00\" \/>\n<meta name=\"twitter:card\" content=\"summary_large_image\" \/>\n<meta name=\"twitter:label1\" content=\"Dur\u00e9e de lecture estim\u00e9e\" \/>\n\t<meta name=\"twitter:data1\" content=\"1 minute\" \/>\n<script type=\"application\/ld+json\" class=\"yoast-schema-graph\">{\"@context\":\"https:\/\/schema.org\",\"@graph\":[{\"@type\":\"WebPage\",\"@id\":\"https:\/\/maisondejusticetdudroit.fr\/index.php\/quest-ce-que-lacces-au-droit\/\",\"url\":\"https:\/\/maisondejusticetdudroit.fr\/index.php\/quest-ce-que-lacces-au-droit\/\",\"name\":\"Qu'est-ce que l'acc\u00e8s au droit ? - Maison De Justice et du Droit de La Rochelle\",\"isPartOf\":{\"@id\":\"https:\/\/maisondejusticetdudroit.fr\/#website\"},\"datePublished\":\"2019-12-05T17:39:03+00:00\",\"dateModified\":\"2020-01-05T23:20:50+00:00\",\"breadcrumb\":{\"@id\":\"https:\/\/maisondejusticetdudroit.fr\/index.php\/quest-ce-que-lacces-au-droit\/#breadcrumb\"},\"inLanguage\":\"fr-FR\",\"potentialAction\":[{\"@type\":\"ReadAction\",\"target\":[\"https:\/\/maisondejusticetdudroit.fr\/index.php\/quest-ce-que-lacces-au-droit\/\"]}]},{\"@type\":\"BreadcrumbList\",\"@id\":\"https:\/\/maisondejusticetdudroit.fr\/index.php\/quest-ce-que-lacces-au-droit\/#breadcrumb\",\"itemListElement\":[{\"@type\":\"ListItem\",\"position\":1,\"name\":\"Accueil\",\"item\":\"https:\/\/maisondejusticetdudroit.fr\/\"},{\"@type\":\"ListItem\",\"position\":2,\"name\":\"Qu&rsquo;est-ce que l&rsquo;acc\u00e8s au droit ?\"}]},{\"@type\":\"WebSite\",\"@id\":\"https:\/\/maisondejusticetdudroit.fr\/#website\",\"url\":\"https:\/\/maisondejusticetdudroit.fr\/\",\"name\":\"Maison De Justice et du Droit de La Rochelle\",\"description\":\"Un service gratuit et confidentiel d&#039;information juridique\",\"publisher\":{\"@id\":\"https:\/\/maisondejusticetdudroit.fr\/#organization\"},\"potentialAction\":[{\"@type\":\"SearchAction\",\"target\":{\"@type\":\"EntryPoint\",\"urlTemplate\":\"https:\/\/maisondejusticetdudroit.fr\/?s={search_term_string}\"},\"query-input\":\"required name=search_term_string\"}],\"inLanguage\":\"fr-FR\"},{\"@type\":\"Organization\",\"@id\":\"https:\/\/maisondejusticetdudroit.fr\/#organization\",\"name\":\"Maison de justice et du droit de La Rochelle\",\"url\":\"https:\/\/maisondejusticetdudroit.fr\/\",\"sameAs\":[],\"logo\":{\"@type\":\"ImageObject\",\"inLanguage\":\"fr-FR\",\"@id\":\"https:\/\/maisondejusticetdudroit.fr\/#\/schema\/logo\/image\/\",\"url\":\"https:\/\/maisondejusticetdudroit.fr\/wp-content\/uploads\/2019\/12\/logo_MDJ.png\",\"contentUrl\":\"https:\/\/maisondejusticetdudroit.fr\/wp-content\/uploads\/2019\/12\/logo_MDJ.png\",\"width\":360,\"height\":270,\"caption\":\"Maison de justice et du droit de La Rochelle\"},\"image\":{\"@id\":\"https:\/\/maisondejusticetdudroit.fr\/#\/schema\/logo\/image\/\"}}]}<\/script>\n<!-- \/ Yoast SEO plugin. -->","yoast_head_json":{"title":"Qu'est-ce que l'acc\u00e8s au droit ? - Maison De Justice et du Droit de La Rochelle","robots":{"index":"index","follow":"follow","max-snippet":"max-snippet:-1","max-image-preview":"max-image-preview:large","max-video-preview":"max-video-preview:-1"},"canonical":"https:\/\/maisondejusticetdudroit.fr\/index.php\/quest-ce-que-lacces-au-droit\/","og_locale":"fr_FR","og_type":"article","og_title":"Qu'est-ce que l'acc\u00e8s au droit ? - Maison De Justice et du Droit de La Rochelle","og_description":"Principe fondamental de la citoyennet\u00e9, l\u2019acc\u00e8s au droit reconna\u00eet \u00e0 toute personne le droit de b\u00e9n\u00e9ficier : d\u2019une information g\u00e9n\u00e9rale sur ses droits et ses obligations et d\u2019\u00eatre orient\u00e9 vers les organismes charg\u00e9s de leur mise en \u0153uvre. d\u2019une aide dans l\u2019accomplissement de d\u00e9marches en vue de l\u2019exercice d\u2019un droit ou de l\u2019ex\u00e9cution d\u2019une obligation Lire plus ...","og_url":"https:\/\/maisondejusticetdudroit.fr\/index.php\/quest-ce-que-lacces-au-droit\/","og_site_name":"Maison De Justice et du Droit de La Rochelle","article_modified_time":"2020-01-05T23:20:50+00:00","twitter_card":"summary_large_image","twitter_misc":{"Dur\u00e9e de lecture estim\u00e9e":"1 minute"},"schema":{"@context":"https:\/\/schema.org","@graph":[{"@type":"WebPage","@id":"https:\/\/maisondejusticetdudroit.fr\/index.php\/quest-ce-que-lacces-au-droit\/","url":"https:\/\/maisondejusticetdudroit.fr\/index.php\/quest-ce-que-lacces-au-droit\/","name":"Qu'est-ce que l'acc\u00e8s au droit ? - Maison De Justice et du Droit de La Rochelle","isPartOf":{"@id":"https:\/\/maisondejusticetdudroit.fr\/#website"},"datePublished":"2019-12-05T17:39:03+00:00","dateModified":"2020-01-05T23:20:50+00:00","breadcrumb":{"@id":"https:\/\/maisondejusticetdudroit.fr\/index.php\/quest-ce-que-lacces-au-droit\/#breadcrumb"},"inLanguage":"fr-FR","potentialAction":[{"@type":"ReadAction","target":["https:\/\/maisondejusticetdudroit.fr\/index.php\/quest-ce-que-lacces-au-droit\/"]}]},{"@type":"BreadcrumbList","@id":"https:\/\/maisondejusticetdudroit.fr\/index.php\/quest-ce-que-lacces-au-droit\/#breadcrumb","itemListElement":[{"@type":"ListItem","position":1,"name":"Accueil","item":"https:\/\/maisondejusticetdudroit.fr\/"},{"@type":"ListItem","position":2,"name":"Qu&rsquo;est-ce que l&rsquo;acc\u00e8s au droit ?"}]},{"@type":"WebSite","@id":"https:\/\/maisondejusticetdudroit.fr\/#website","url":"https:\/\/maisondejusticetdudroit.fr\/","name":"Maison De Justice et du Droit de La Rochelle","description":"Un service gratuit et confidentiel d&#039;information juridique","publisher":{"@id":"https:\/\/maisondejusticetdudroit.fr\/#organization"},"potentialAction":[{"@type":"SearchAction","target":{"@type":"EntryPoint","urlTemplate":"https:\/\/maisondejusticetdudroit.fr\/?s={search_term_string}"},"query-input":"required name=search_term_string"}],"inLanguage":"fr-FR"},{"@type":"Organization","@id":"https:\/\/maisondejusticetdudroit.fr\/#organization","name":"Maison de justice et du droit de La Rochelle","url":"https:\/\/maisondejusticetdudroit.fr\/","sameAs":[],"logo":{"@type":"ImageObject","inLanguage":"fr-FR","@id":"https:\/\/maisondejusticetdudroit.fr\/#\/schema\/logo\/image\/","url":"https:\/\/maisondejusticetdudroit.fr\/wp-content\/uploads\/2019\/12\/logo_MDJ.png","contentUrl":"https:\/\/maisondejusticetdudroit.fr\/wp-content\/uploads\/2019\/12\/logo_MDJ.png","width":360,"height":270,"caption":"Maison de justice et du droit de La Rochelle"},"image":{"@id":"https:\/\/maisondejusticetdudroit.fr\/#\/schema\/logo\/image\/"}}]}},"_links":{"self":[{"href":"https:\/\/maisondejusticetdudroit.fr\/index.php\/wp-json\/wp\/v2\/pages\/1261"}],"collection":[{"href":"https:\/\/maisondejusticetdudroit.fr\/index.php\/wp-json\/wp\/v2\/pages"}],"about":[{"href":"https:\/\/maisondejusticetdudroit.fr\/index.php\/wp-json\/wp\/v2\/types\/page"}],"author":[{"embeddable":true,"href":"https:\/\/maisondejusticetdudroit.fr\/index.php\/wp-json\/wp\/v2\/users\/1"}],"replies":[{"embeddable":true,"href":"https:\/\/maisondejusticetdudroit.fr\/index.php\/wp-json\/wp\/v2\/comments?post=1261"}],"version-history":[{"count":9,"href":"https:\/\/maisondejusticetdudroit.fr\/index.php\/wp-json\/wp\/v2\/pages\/1261\/revisions"}],"predecessor-version":[{"id":2491,"href":"https:\/\/maisondejusticetdudroit.fr\/index.php\/wp-json\/wp\/v2\/pages\/1261\/revisions\/2491"}],"wp:attachment":[{"href":"https:\/\/maisondejusticetdudroit.fr\/index.php\/wp-json\/wp\/v2\/media?parent=1261"}],"curies":[{"name":"wp","href":"https:\/\/api.w.org\/{rel}","templated":true}]}}