{"id":1263,"date":"2019-12-05T18:39:23","date_gmt":"2019-12-05T17:39:23","guid":{"rendered":"http:\/\/maisondejusticeetdudroit.fr\/?page_id=1263"},"modified":"2021-07-06T12:14:15","modified_gmt":"2021-07-06T10:14:15","slug":"presentation-du-cdad","status":"publish","type":"page","link":"https:\/\/maisondejusticetdudroit.fr\/index.php\/presentation-du-cdad\/","title":{"rendered":"Pr\u00e9sentation du CDAD"},"content":{"rendered":"\t\t<div data-elementor-type=\"wp-page\" data-elementor-id=\"1263\" class=\"elementor elementor-1263\">\n\t\t\t\t\t\t<div class=\"elementor-inner\">\n\t\t\t\t<div class=\"elementor-section-wrap\">\n\t\t\t\t\t\t\t\t\t<section class=\"elementor-section elementor-top-section elementor-element elementor-element-215f2f7 elementor-section-boxed elementor-section-height-default elementor-section-height-default\" data-id=\"215f2f7\" data-element_type=\"section\">\n\t\t\t\t\t\t<div class=\"elementor-container elementor-column-gap-default\">\n\t\t\t\t\t\t\t<div class=\"elementor-row\">\n\t\t\t\t\t<div class=\"elementor-column elementor-col-100 elementor-top-column elementor-element elementor-element-6fc4aaf\" data-id=\"6fc4aaf\" data-element_type=\"column\">\n\t\t\t<div class=\"elementor-column-wrap elementor-element-populated\">\n\t\t\t\t\t\t\t<div class=\"elementor-widget-wrap\">\n\t\t\t\t\t\t<div class=\"elementor-element elementor-element-5b106f6 elementor-widget elementor-widget-text-editor\" data-id=\"5b106f6\" data-element_type=\"widget\" data-widget_type=\"text-editor.default\">\n\t\t\t\t<div class=\"elementor-widget-container\">\n\t\t\t\t\t\t\t\t<div class=\"elementor-text-editor elementor-clearfix\">\n\t\t\t\t<p class=\"Standard\">Cr\u00e9\u00e9 en 2007, le CDAD de la Charente-Maritime a son si\u00e8ge au Tribunal Judiciaire Unique D\u00e9partemental situ\u00e9 \u00e0 La Rochelle. Depuis sa cr\u00e9ation, le CDAD de la Charente-Maritime s\u2019est attach\u00e9 \u00e0 ce que des structures d\u2019acc\u00e8s au droit soient implant\u00e9es sur l\u2019ensemble de son territoire et ce, conform\u00e9ment aux sp\u00e9cificit\u00e9s g\u00e9ographiques du d\u00e9partement.<\/p><p class=\"Standard\">Il compte d\u00e9sormais un Point-Justice \u00e0 LA ROCHELLE-Mireuil, anciennement d\u00e9nomm\u00e9 Maison de la Justice et du Droit, et de 8 Points-Justice r\u00e9partis du nord au sud et d\u2019est en ouest. Avec un maillage parfait en 2019, la population de la Charente-Maritime peut d\u00e9sormais avoir acc\u00e8s \u00e0 une information juridique de premier niveau \u00e0 proximit\u00e9 de son lieu d\u2019habitation sur l\u2019ensemble du territoire.<\/p>\t\t\t\t\t<\/div>\n\t\t\t\t\t\t<\/div>\n\t\t\t\t<\/div>\n\t\t\t\t\t\t<\/div>\n\t\t\t\t\t<\/div>\n\t\t<\/div>\n\t\t\t\t\t\t\t\t<\/div>\n\t\t\t\t\t<\/div>\n\t\t<\/section>\n\t\t\t\t\t\t\t\t\t<\/div>\n\t\t\t<\/div>\n\t\t\t\t\t<\/div>\n\t\t","protected":false},"excerpt":{"rendered":"<p>Cr\u00e9\u00e9 en 2007, le CDAD de la Charente-Maritime a son si\u00e8ge au Tribunal Judiciaire Unique D\u00e9partemental situ\u00e9 \u00e0 La Rochelle. Depuis sa cr\u00e9ation, le CDAD de la Charente-Maritime s\u2019est attach\u00e9 \u00e0 ce que des structures d\u2019acc\u00e8s au droit soient implant\u00e9es sur l\u2019ensemble de son territoire et ce, conform\u00e9ment aux sp\u00e9cificit\u00e9s g\u00e9ographiques du d\u00e9partement. Il compte <a class=\"more-link\" href=\"https:\/\/maisondejusticetdudroit.fr\/index.php\/presentation-du-cdad\/\">Lire plus &#8230;<\/a><\/p>\n","protected":false},"author":1,"featured_media":0,"parent":0,"menu_order":0,"comment_status":"closed","ping_status":"closed","template":"","meta":{"footnotes":""},"yoast_head":"<!-- This site is optimized with the Yoast SEO plugin v19.7.2 - https:\/\/yoast.com\/wordpress\/plugins\/seo\/ -->\n<title>Pr\u00e9sentation du CDAD - Maison De Justice et du Droit de La Rochelle<\/title>\n<meta name=\"robots\" content=\"index, follow, max-snippet:-1, max-image-preview:large, max-video-preview:-1\" \/>\n<link rel=\"canonical\" href=\"https:\/\/maisondejusticetdudroit.fr\/index.php\/presentation-du-cdad\/\" \/>\n<meta property=\"og:locale\" content=\"fr_FR\" \/>\n<meta property=\"og:type\" content=\"article\" \/>\n<meta property=\"og:title\" content=\"Pr\u00e9sentation du CDAD - Maison De Justice et du Droit de La Rochelle\" \/>\n<meta property=\"og:description\" content=\"Cr\u00e9\u00e9 en 2007, le CDAD de la Charente-Maritime a son si\u00e8ge au Tribunal Judiciaire Unique D\u00e9partemental situ\u00e9 \u00e0 La Rochelle. Depuis sa cr\u00e9ation, le CDAD de la Charente-Maritime s\u2019est attach\u00e9 \u00e0 ce que des structures d\u2019acc\u00e8s au droit soient implant\u00e9es sur l\u2019ensemble de son territoire et ce, conform\u00e9ment aux sp\u00e9cificit\u00e9s g\u00e9ographiques du d\u00e9partement. Il compte Lire plus ...\" \/>\n<meta property=\"og:url\" content=\"https:\/\/maisondejusticetdudroit.fr\/index.php\/presentation-du-cdad\/\" \/>\n<meta property=\"og:site_name\" content=\"Maison De Justice et du Droit de La Rochelle\" \/>\n<meta property=\"article:modified_time\" content=\"2021-07-06T10:14:15+00:00\" \/>\n<meta name=\"twitter:card\" content=\"summary_large_image\" \/>\n<meta name=\"twitter:label1\" content=\"Dur\u00e9e de lecture estim\u00e9e\" \/>\n\t<meta name=\"twitter:data1\" content=\"1 minute\" \/>\n<script type=\"application\/ld+json\" class=\"yoast-schema-graph\">{\"@context\":\"https:\/\/schema.org\",\"@graph\":[{\"@type\":\"WebPage\",\"@id\":\"https:\/\/maisondejusticetdudroit.fr\/index.php\/presentation-du-cdad\/\",\"url\":\"https:\/\/maisondejusticetdudroit.fr\/index.php\/presentation-du-cdad\/\",\"name\":\"Pr\u00e9sentation du CDAD - Maison De Justice et du Droit de La Rochelle\",\"isPartOf\":{\"@id\":\"https:\/\/maisondejusticetdudroit.fr\/#website\"},\"datePublished\":\"2019-12-05T17:39:23+00:00\",\"dateModified\":\"2021-07-06T10:14:15+00:00\",\"breadcrumb\":{\"@id\":\"https:\/\/maisondejusticetdudroit.fr\/index.php\/presentation-du-cdad\/#breadcrumb\"},\"inLanguage\":\"fr-FR\",\"potentialAction\":[{\"@type\":\"ReadAction\",\"target\":[\"https:\/\/maisondejusticetdudroit.fr\/index.php\/presentation-du-cdad\/\"]}]},{\"@type\":\"BreadcrumbList\",\"@id\":\"https:\/\/maisondejusticetdudroit.fr\/index.php\/presentation-du-cdad\/#breadcrumb\",\"itemListElement\":[{\"@type\":\"ListItem\",\"position\":1,\"name\":\"Accueil\",\"item\":\"https:\/\/maisondejusticetdudroit.fr\/\"},{\"@type\":\"ListItem\",\"position\":2,\"name\":\"Pr\u00e9sentation du CDAD\"}]},{\"@type\":\"WebSite\",\"@id\":\"https:\/\/maisondejusticetdudroit.fr\/#website\",\"url\":\"https:\/\/maisondejusticetdudroit.fr\/\",\"name\":\"Maison De Justice et du Droit de La Rochelle\",\"description\":\"Un service gratuit et confidentiel d&#039;information juridique\",\"publisher\":{\"@id\":\"https:\/\/maisondejusticetdudroit.fr\/#organization\"},\"potentialAction\":[{\"@type\":\"SearchAction\",\"target\":{\"@type\":\"EntryPoint\",\"urlTemplate\":\"https:\/\/maisondejusticetdudroit.fr\/?s={search_term_string}\"},\"query-input\":\"required name=search_term_string\"}],\"inLanguage\":\"fr-FR\"},{\"@type\":\"Organization\",\"@id\":\"https:\/\/maisondejusticetdudroit.fr\/#organization\",\"name\":\"Maison de justice et du droit de La Rochelle\",\"url\":\"https:\/\/maisondejusticetdudroit.fr\/\",\"sameAs\":[],\"logo\":{\"@type\":\"ImageObject\",\"inLanguage\":\"fr-FR\",\"@id\":\"https:\/\/maisondejusticetdudroit.fr\/#\/schema\/logo\/image\/\",\"url\":\"https:\/\/maisondejusticetdudroit.fr\/wp-content\/uploads\/2019\/12\/logo_MDJ.png\",\"contentUrl\":\"https:\/\/maisondejusticetdudroit.fr\/wp-content\/uploads\/2019\/12\/logo_MDJ.png\",\"width\":360,\"height\":270,\"caption\":\"Maison de justice et du droit de La Rochelle\"},\"image\":{\"@id\":\"https:\/\/maisondejusticetdudroit.fr\/#\/schema\/logo\/image\/\"}}]}<\/script>\n<!-- \/ Yoast SEO plugin. -->","yoast_head_json":{"title":"Pr\u00e9sentation du CDAD - Maison De Justice et du Droit de La Rochelle","robots":{"index":"index","follow":"follow","max-snippet":"max-snippet:-1","max-image-preview":"max-image-preview:large","max-video-preview":"max-video-preview:-1"},"canonical":"https:\/\/maisondejusticetdudroit.fr\/index.php\/presentation-du-cdad\/","og_locale":"fr_FR","og_type":"article","og_title":"Pr\u00e9sentation du CDAD - Maison De Justice et du Droit de La Rochelle","og_description":"Cr\u00e9\u00e9 en 2007, le CDAD de la Charente-Maritime a son si\u00e8ge au Tribunal Judiciaire Unique D\u00e9partemental situ\u00e9 \u00e0 La Rochelle. Depuis sa cr\u00e9ation, le CDAD de la Charente-Maritime s\u2019est attach\u00e9 \u00e0 ce que des structures d\u2019acc\u00e8s au droit soient implant\u00e9es sur l\u2019ensemble de son territoire et ce, conform\u00e9ment aux sp\u00e9cificit\u00e9s g\u00e9ographiques du d\u00e9partement. Il compte Lire plus ...","og_url":"https:\/\/maisondejusticetdudroit.fr\/index.php\/presentation-du-cdad\/","og_site_name":"Maison De Justice et du Droit de La Rochelle","article_modified_time":"2021-07-06T10:14:15+00:00","twitter_card":"summary_large_image","twitter_misc":{"Dur\u00e9e de lecture estim\u00e9e":"1 minute"},"schema":{"@context":"https:\/\/schema.org","@graph":[{"@type":"WebPage","@id":"https:\/\/maisondejusticetdudroit.fr\/index.php\/presentation-du-cdad\/","url":"https:\/\/maisondejusticetdudroit.fr\/index.php\/presentation-du-cdad\/","name":"Pr\u00e9sentation du CDAD - Maison De Justice et du Droit de La Rochelle","isPartOf":{"@id":"https:\/\/maisondejusticetdudroit.fr\/#website"},"datePublished":"2019-12-05T17:39:23+00:00","dateModified":"2021-07-06T10:14:15+00:00","breadcrumb":{"@id":"https:\/\/maisondejusticetdudroit.fr\/index.php\/presentation-du-cdad\/#breadcrumb"},"inLanguage":"fr-FR","potentialAction":[{"@type":"ReadAction","target":["https:\/\/maisondejusticetdudroit.fr\/index.php\/presentation-du-cdad\/"]}]},{"@type":"BreadcrumbList","@id":"https:\/\/maisondejusticetdudroit.fr\/index.php\/presentation-du-cdad\/#breadcrumb","itemListElement":[{"@type":"ListItem","position":1,"name":"Accueil","item":"https:\/\/maisondejusticetdudroit.fr\/"},{"@type":"ListItem","position":2,"name":"Pr\u00e9sentation du CDAD"}]},{"@type":"WebSite","@id":"https:\/\/maisondejusticetdudroit.fr\/#website","url":"https:\/\/maisondejusticetdudroit.fr\/","name":"Maison De Justice et du Droit de La Rochelle","description":"Un service gratuit et confidentiel d&#039;information juridique","publisher":{"@id":"https:\/\/maisondejusticetdudroit.fr\/#organization"},"potentialAction":[{"@type":"SearchAction","target":{"@type":"EntryPoint","urlTemplate":"https:\/\/maisondejusticetdudroit.fr\/?s={search_term_string}"},"query-input":"required name=search_term_string"}],"inLanguage":"fr-FR"},{"@type":"Organization","@id":"https:\/\/maisondejusticetdudroit.fr\/#organization","name":"Maison de justice et du droit de La Rochelle","url":"https:\/\/maisondejusticetdudroit.fr\/","sameAs":[],"logo":{"@type":"ImageObject","inLanguage":"fr-FR","@id":"https:\/\/maisondejusticetdudroit.fr\/#\/schema\/logo\/image\/","url":"https:\/\/maisondejusticetdudroit.fr\/wp-content\/uploads\/2019\/12\/logo_MDJ.png","contentUrl":"https:\/\/maisondejusticetdudroit.fr\/wp-content\/uploads\/2019\/12\/logo_MDJ.png","width":360,"height":270,"caption":"Maison de justice et du droit de La Rochelle"},"image":{"@id":"https:\/\/maisondejusticetdudroit.fr\/#\/schema\/logo\/image\/"}}]}},"_links":{"self":[{"href":"https:\/\/maisondejusticetdudroit.fr\/index.php\/wp-json\/wp\/v2\/pages\/1263"}],"collection":[{"href":"https:\/\/maisondejusticetdudroit.fr\/index.php\/wp-json\/wp\/v2\/pages"}],"about":[{"href":"https:\/\/maisondejusticetdudroit.fr\/index.php\/wp-json\/wp\/v2\/types\/page"}],"author":[{"embeddable":true,"href":"https:\/\/maisondejusticetdudroit.fr\/index.php\/wp-json\/wp\/v2\/users\/1"}],"replies":[{"embeddable":true,"href":"https:\/\/maisondejusticetdudroit.fr\/index.php\/wp-json\/wp\/v2\/comments?post=1263"}],"version-history":[{"count":10,"href":"https:\/\/maisondejusticetdudroit.fr\/index.php\/wp-json\/wp\/v2\/pages\/1263\/revisions"}],"predecessor-version":[{"id":7511,"href":"https:\/\/maisondejusticetdudroit.fr\/index.php\/wp-json\/wp\/v2\/pages\/1263\/revisions\/7511"}],"wp:attachment":[{"href":"https:\/\/maisondejusticetdudroit.fr\/index.php\/wp-json\/wp\/v2\/media?parent=1263"}],"curies":[{"name":"wp","href":"https:\/\/api.w.org\/{rel}","templated":true}]}}