{"id":1386,"date":"2019-12-12T19:46:39","date_gmt":"2019-12-12T18:46:39","guid":{"rendered":"https:\/\/maisondejusticeetdudroit.fr\/?page_id=1386"},"modified":"2019-12-30T20:43:24","modified_gmt":"2019-12-30T19:43:24","slug":"comment-fonctionne-t-on","status":"publish","type":"page","link":"https:\/\/maisondejusticetdudroit.fr\/index.php\/comment-fonctionne-t-on\/","title":{"rendered":"Comment fonctionne t-on ?"},"content":{"rendered":"\t\t<div data-elementor-type=\"wp-page\" data-elementor-id=\"1386\" class=\"elementor elementor-1386\">\n\t\t\t\t\t\t<div class=\"elementor-inner\">\n\t\t\t\t<div class=\"elementor-section-wrap\">\n\t\t\t\t\t\t\t\t\t<section class=\"elementor-section elementor-top-section elementor-element elementor-element-bb488d9 elementor-section-full_width elementor-section-height-default elementor-section-height-default\" data-id=\"bb488d9\" data-element_type=\"section\">\n\t\t\t\t\t\t<div class=\"elementor-container elementor-column-gap-default\">\n\t\t\t\t\t\t\t<div class=\"elementor-row\">\n\t\t\t\t\t<div class=\"elementor-column elementor-col-100 elementor-top-column elementor-element elementor-element-35619a9\" data-id=\"35619a9\" data-element_type=\"column\">\n\t\t\t<div class=\"elementor-column-wrap elementor-element-populated\">\n\t\t\t\t\t\t\t<div class=\"elementor-widget-wrap\">\n\t\t\t\t\t\t<div class=\"elementor-element elementor-element-4f2bb17 elementor-widget elementor-widget-text-editor\" data-id=\"4f2bb17\" data-element_type=\"widget\" data-widget_type=\"text-editor.default\">\n\t\t\t\t<div class=\"elementor-widget-container\">\n\t\t\t\t\t\t\t\t<div class=\"elementor-text-editor elementor-clearfix\">\n\t\t\t\t<p>La Maison de Justice et du droit est un lieu d&rsquo;acc\u00e8s au droit pour tous les habitants, un lieu d&rsquo;accueil, d&rsquo;\u00e9coute, d&rsquo;orientation et d&rsquo;information sur leurs droits et obligations.<\/p><p align=\"JUSTIFY\">Elle permet, notamment, une \u00e9coute privil\u00e9gi\u00e9e des victimes et un accompagnement dans leurs d\u00e9marches.<\/p><p align=\"JUSTIFY\">Cet acc\u00e8s au droit, <i>gratuit et confidentiel<\/i>, est ainsi facilit\u00e9 sur site par :<\/p>\t\t\t\t\t<\/div>\n\t\t\t\t\t\t<\/div>\n\t\t\t\t<\/div>\n\t\t\t\t\t\t<\/div>\n\t\t\t\t\t<\/div>\n\t\t<\/div>\n\t\t\t\t\t\t\t\t<\/div>\n\t\t\t\t\t<\/div>\n\t\t<\/section>\n\t\t\t\t<section class=\"elementor-section elementor-top-section elementor-element elementor-element-eeaba2f elementor-section-full_width elementor-section-height-default elementor-section-height-default\" data-id=\"eeaba2f\" data-element_type=\"section\">\n\t\t\t\t\t\t<div class=\"elementor-container elementor-column-gap-default\">\n\t\t\t\t\t\t\t<div class=\"elementor-row\">\n\t\t\t\t\t<div class=\"elementor-column elementor-col-100 elementor-top-column elementor-element elementor-element-c153a9c\" data-id=\"c153a9c\" data-element_type=\"column\">\n\t\t\t<div class=\"elementor-column-wrap elementor-element-populated\">\n\t\t\t\t\t\t\t<div class=\"elementor-widget-wrap\">\n\t\t\t\t\t\t<div class=\"elementor-element elementor-element-5365941 elementor-widget elementor-widget-text-editor\" data-id=\"5365941\" data-element_type=\"widget\" data-widget_type=\"text-editor.default\">\n\t\t\t\t<div class=\"elementor-widget-container\">\n\t\t\t\t\t\t\t\t<div class=\"elementor-text-editor elementor-clearfix\">\n\t\t\t\t<ul><li>un service d&rsquo;accueil de la MJD, de 9 h \u00e0 12 h et de 14 h \u00e0 16 h, du lundi au vendredi, assur\u00e9 par une greffi\u00e8re permanente. Il s&rsquo;agit d&rsquo;un premier accueil spontan\u00e9, sans prise de rendez-vous initiale.<\/li><\/ul>\t\t\t\t\t<\/div>\n\t\t\t\t\t\t<\/div>\n\t\t\t\t<\/div>\n\t\t\t\t\t\t<\/div>\n\t\t\t\t\t<\/div>\n\t\t<\/div>\n\t\t\t\t\t\t\t\t<\/div>\n\t\t\t\t\t<\/div>\n\t\t<\/section>\n\t\t\t\t<section class=\"elementor-section elementor-top-section elementor-element elementor-element-32dbfc2 elementor-section-full_width elementor-section-height-default elementor-section-height-default\" data-id=\"32dbfc2\" data-element_type=\"section\">\n\t\t\t\t\t\t<div class=\"elementor-container elementor-column-gap-default\">\n\t\t\t\t\t\t\t<div class=\"elementor-row\">\n\t\t\t\t\t<div class=\"elementor-column elementor-col-100 elementor-top-column elementor-element elementor-element-ef77d01\" data-id=\"ef77d01\" data-element_type=\"column\">\n\t\t\t<div class=\"elementor-column-wrap elementor-element-populated\">\n\t\t\t\t\t\t\t<div class=\"elementor-widget-wrap\">\n\t\t\t\t\t\t<div class=\"elementor-element elementor-element-ccf6814 elementor-widget elementor-widget-text-editor\" data-id=\"ccf6814\" data-element_type=\"widget\" data-widget_type=\"text-editor.default\">\n\t\t\t\t<div class=\"elementor-widget-container\">\n\t\t\t\t\t\t\t\t<div class=\"elementor-text-editor elementor-clearfix\">\n\t\t\t\t<ul><li>des permanences d&rsquo;information et des consultations juridiques, r\u00e9guli\u00e8res et gratuites, <i><u>uniquement sur rendez-vous<\/u><\/i>, respectivement dispens\u00e9es par des associations et des partenaires institutionnels (professionnels de droit).\u00a0 Ces permanences ont vocation \u00e0 r\u00e9pondre aux questionnements des usagers et contribuent activement au bon fonctionnement de la structure.<\/li><\/ul>\t\t\t\t\t<\/div>\n\t\t\t\t\t\t<\/div>\n\t\t\t\t<\/div>\n\t\t\t\t\t\t<\/div>\n\t\t\t\t\t<\/div>\n\t\t<\/div>\n\t\t\t\t\t\t\t\t<\/div>\n\t\t\t\t\t<\/div>\n\t\t<\/section>\n\t\t\t\t<section class=\"elementor-section elementor-top-section elementor-element elementor-element-edd8a06 elementor-section-full_width elementor-section-height-default elementor-section-height-default\" data-id=\"edd8a06\" data-element_type=\"section\">\n\t\t\t\t\t\t<div class=\"elementor-container elementor-column-gap-default\">\n\t\t\t\t\t\t\t<div class=\"elementor-row\">\n\t\t\t\t\t<div class=\"elementor-column elementor-col-100 elementor-top-column elementor-element elementor-element-d6fba82\" data-id=\"d6fba82\" data-element_type=\"column\">\n\t\t\t<div class=\"elementor-column-wrap elementor-element-populated\">\n\t\t\t\t\t\t\t<div class=\"elementor-widget-wrap\">\n\t\t\t\t\t\t<div class=\"elementor-element elementor-element-59b9cc4 elementor-widget elementor-widget-text-editor\" data-id=\"59b9cc4\" data-element_type=\"widget\" data-widget_type=\"text-editor.default\">\n\t\t\t\t<div class=\"elementor-widget-container\">\n\t\t\t\t\t\t\t\t<div class=\"elementor-text-editor elementor-clearfix\">\n\t\t\t\t<p align=\"JUSTIFY\"><b>Vous souhaitez ainsi obtenir des renseignements. Prenez contact aupr\u00e8s de la greffi\u00e8re coordinatrice, par mail, appel t\u00e9l\u00e9phonique ou d\u00e9placement physique sur site, qui, au vu de la difficult\u00e9, pourra, le cas \u00e9ch\u00e9ant, vous donner quelques premi\u00e8res informations, et\/ou vous orienter vers la permanence du professionnel habilit\u00e9 \u00e0 vous r\u00e9pondre.<\/b><\/p>\t\t\t\t\t<\/div>\n\t\t\t\t\t\t<\/div>\n\t\t\t\t<\/div>\n\t\t\t\t\t\t<\/div>\n\t\t\t\t\t<\/div>\n\t\t<\/div>\n\t\t\t\t\t\t\t\t<\/div>\n\t\t\t\t\t<\/div>\n\t\t<\/section>\n\t\t\t\t\t\t\t\t\t<\/div>\n\t\t\t<\/div>\n\t\t\t\t\t<\/div>\n\t\t","protected":false},"excerpt":{"rendered":"<p>La Maison de Justice et du droit est un lieu d&rsquo;acc\u00e8s au droit pour tous les habitants, un lieu d&rsquo;accueil, d&rsquo;\u00e9coute, d&rsquo;orientation et d&rsquo;information sur leurs droits et obligations. Elle permet, notamment, une \u00e9coute privil\u00e9gi\u00e9e des victimes et un accompagnement dans leurs d\u00e9marches. Cet acc\u00e8s au droit, gratuit et confidentiel, est ainsi facilit\u00e9 sur site <a class=\"more-link\" href=\"https:\/\/maisondejusticetdudroit.fr\/index.php\/comment-fonctionne-t-on\/\">Lire plus &#8230;<\/a><\/p>\n","protected":false},"author":1,"featured_media":0,"parent":0,"menu_order":0,"comment_status":"closed","ping_status":"closed","template":"","meta":{"footnotes":""},"yoast_head":"<!-- This site is optimized with the Yoast SEO plugin v19.7.2 - https:\/\/yoast.com\/wordpress\/plugins\/seo\/ -->\n<title>Comment fonctionne t-on ? - Maison De Justice et du Droit de La Rochelle<\/title>\n<meta name=\"robots\" content=\"index, follow, max-snippet:-1, max-image-preview:large, max-video-preview:-1\" \/>\n<link rel=\"canonical\" href=\"https:\/\/maisondejusticetdudroit.fr\/index.php\/comment-fonctionne-t-on\/\" \/>\n<meta property=\"og:locale\" content=\"fr_FR\" \/>\n<meta property=\"og:type\" content=\"article\" \/>\n<meta property=\"og:title\" content=\"Comment fonctionne t-on ? - Maison De Justice et du Droit de La Rochelle\" \/>\n<meta property=\"og:description\" content=\"La Maison de Justice et du droit est un lieu d&rsquo;acc\u00e8s au droit pour tous les habitants, un lieu d&rsquo;accueil, d&rsquo;\u00e9coute, d&rsquo;orientation et d&rsquo;information sur leurs droits et obligations. Elle permet, notamment, une \u00e9coute privil\u00e9gi\u00e9e des victimes et un accompagnement dans leurs d\u00e9marches. Cet acc\u00e8s au droit, gratuit et confidentiel, est ainsi facilit\u00e9 sur site Lire plus ...\" \/>\n<meta property=\"og:url\" content=\"https:\/\/maisondejusticetdudroit.fr\/index.php\/comment-fonctionne-t-on\/\" \/>\n<meta property=\"og:site_name\" content=\"Maison De Justice et du Droit de La Rochelle\" \/>\n<meta property=\"article:modified_time\" content=\"2019-12-30T19:43:24+00:00\" \/>\n<meta name=\"twitter:card\" content=\"summary_large_image\" \/>\n<meta name=\"twitter:label1\" content=\"Dur\u00e9e de lecture estim\u00e9e\" \/>\n\t<meta name=\"twitter:data1\" content=\"1 minute\" \/>\n<script type=\"application\/ld+json\" class=\"yoast-schema-graph\">{\"@context\":\"https:\/\/schema.org\",\"@graph\":[{\"@type\":\"WebPage\",\"@id\":\"https:\/\/maisondejusticetdudroit.fr\/index.php\/comment-fonctionne-t-on\/\",\"url\":\"https:\/\/maisondejusticetdudroit.fr\/index.php\/comment-fonctionne-t-on\/\",\"name\":\"Comment fonctionne t-on ? - Maison De Justice et du Droit de La Rochelle\",\"isPartOf\":{\"@id\":\"https:\/\/maisondejusticetdudroit.fr\/#website\"},\"datePublished\":\"2019-12-12T18:46:39+00:00\",\"dateModified\":\"2019-12-30T19:43:24+00:00\",\"breadcrumb\":{\"@id\":\"https:\/\/maisondejusticetdudroit.fr\/index.php\/comment-fonctionne-t-on\/#breadcrumb\"},\"inLanguage\":\"fr-FR\",\"potentialAction\":[{\"@type\":\"ReadAction\",\"target\":[\"https:\/\/maisondejusticetdudroit.fr\/index.php\/comment-fonctionne-t-on\/\"]}]},{\"@type\":\"BreadcrumbList\",\"@id\":\"https:\/\/maisondejusticetdudroit.fr\/index.php\/comment-fonctionne-t-on\/#breadcrumb\",\"itemListElement\":[{\"@type\":\"ListItem\",\"position\":1,\"name\":\"Accueil\",\"item\":\"https:\/\/maisondejusticetdudroit.fr\/\"},{\"@type\":\"ListItem\",\"position\":2,\"name\":\"Comment fonctionne t-on ?\"}]},{\"@type\":\"WebSite\",\"@id\":\"https:\/\/maisondejusticetdudroit.fr\/#website\",\"url\":\"https:\/\/maisondejusticetdudroit.fr\/\",\"name\":\"Maison De Justice et du Droit de La Rochelle\",\"description\":\"Un service gratuit et confidentiel d&#039;information juridique\",\"publisher\":{\"@id\":\"https:\/\/maisondejusticetdudroit.fr\/#organization\"},\"potentialAction\":[{\"@type\":\"SearchAction\",\"target\":{\"@type\":\"EntryPoint\",\"urlTemplate\":\"https:\/\/maisondejusticetdudroit.fr\/?s={search_term_string}\"},\"query-input\":\"required name=search_term_string\"}],\"inLanguage\":\"fr-FR\"},{\"@type\":\"Organization\",\"@id\":\"https:\/\/maisondejusticetdudroit.fr\/#organization\",\"name\":\"Maison de justice et du droit de La Rochelle\",\"url\":\"https:\/\/maisondejusticetdudroit.fr\/\",\"sameAs\":[],\"logo\":{\"@type\":\"ImageObject\",\"inLanguage\":\"fr-FR\",\"@id\":\"https:\/\/maisondejusticetdudroit.fr\/#\/schema\/logo\/image\/\",\"url\":\"https:\/\/maisondejusticetdudroit.fr\/wp-content\/uploads\/2019\/12\/logo_MDJ.png\",\"contentUrl\":\"https:\/\/maisondejusticetdudroit.fr\/wp-content\/uploads\/2019\/12\/logo_MDJ.png\",\"width\":360,\"height\":270,\"caption\":\"Maison de justice et du droit de La Rochelle\"},\"image\":{\"@id\":\"https:\/\/maisondejusticetdudroit.fr\/#\/schema\/logo\/image\/\"}}]}<\/script>\n<!-- \/ Yoast SEO plugin. -->","yoast_head_json":{"title":"Comment fonctionne t-on ? - Maison De Justice et du Droit de La Rochelle","robots":{"index":"index","follow":"follow","max-snippet":"max-snippet:-1","max-image-preview":"max-image-preview:large","max-video-preview":"max-video-preview:-1"},"canonical":"https:\/\/maisondejusticetdudroit.fr\/index.php\/comment-fonctionne-t-on\/","og_locale":"fr_FR","og_type":"article","og_title":"Comment fonctionne t-on ? - Maison De Justice et du Droit de La Rochelle","og_description":"La Maison de Justice et du droit est un lieu d&rsquo;acc\u00e8s au droit pour tous les habitants, un lieu d&rsquo;accueil, d&rsquo;\u00e9coute, d&rsquo;orientation et d&rsquo;information sur leurs droits et obligations. Elle permet, notamment, une \u00e9coute privil\u00e9gi\u00e9e des victimes et un accompagnement dans leurs d\u00e9marches. Cet acc\u00e8s au droit, gratuit et confidentiel, est ainsi facilit\u00e9 sur site Lire plus ...","og_url":"https:\/\/maisondejusticetdudroit.fr\/index.php\/comment-fonctionne-t-on\/","og_site_name":"Maison De Justice et du Droit de La Rochelle","article_modified_time":"2019-12-30T19:43:24+00:00","twitter_card":"summary_large_image","twitter_misc":{"Dur\u00e9e de lecture estim\u00e9e":"1 minute"},"schema":{"@context":"https:\/\/schema.org","@graph":[{"@type":"WebPage","@id":"https:\/\/maisondejusticetdudroit.fr\/index.php\/comment-fonctionne-t-on\/","url":"https:\/\/maisondejusticetdudroit.fr\/index.php\/comment-fonctionne-t-on\/","name":"Comment fonctionne t-on ? - Maison De Justice et du Droit de La Rochelle","isPartOf":{"@id":"https:\/\/maisondejusticetdudroit.fr\/#website"},"datePublished":"2019-12-12T18:46:39+00:00","dateModified":"2019-12-30T19:43:24+00:00","breadcrumb":{"@id":"https:\/\/maisondejusticetdudroit.fr\/index.php\/comment-fonctionne-t-on\/#breadcrumb"},"inLanguage":"fr-FR","potentialAction":[{"@type":"ReadAction","target":["https:\/\/maisondejusticetdudroit.fr\/index.php\/comment-fonctionne-t-on\/"]}]},{"@type":"BreadcrumbList","@id":"https:\/\/maisondejusticetdudroit.fr\/index.php\/comment-fonctionne-t-on\/#breadcrumb","itemListElement":[{"@type":"ListItem","position":1,"name":"Accueil","item":"https:\/\/maisondejusticetdudroit.fr\/"},{"@type":"ListItem","position":2,"name":"Comment fonctionne t-on ?"}]},{"@type":"WebSite","@id":"https:\/\/maisondejusticetdudroit.fr\/#website","url":"https:\/\/maisondejusticetdudroit.fr\/","name":"Maison De Justice et du Droit de La Rochelle","description":"Un service gratuit et confidentiel d&#039;information juridique","publisher":{"@id":"https:\/\/maisondejusticetdudroit.fr\/#organization"},"potentialAction":[{"@type":"SearchAction","target":{"@type":"EntryPoint","urlTemplate":"https:\/\/maisondejusticetdudroit.fr\/?s={search_term_string}"},"query-input":"required name=search_term_string"}],"inLanguage":"fr-FR"},{"@type":"Organization","@id":"https:\/\/maisondejusticetdudroit.fr\/#organization","name":"Maison de justice et du droit de La Rochelle","url":"https:\/\/maisondejusticetdudroit.fr\/","sameAs":[],"logo":{"@type":"ImageObject","inLanguage":"fr-FR","@id":"https:\/\/maisondejusticetdudroit.fr\/#\/schema\/logo\/image\/","url":"https:\/\/maisondejusticetdudroit.fr\/wp-content\/uploads\/2019\/12\/logo_MDJ.png","contentUrl":"https:\/\/maisondejusticetdudroit.fr\/wp-content\/uploads\/2019\/12\/logo_MDJ.png","width":360,"height":270,"caption":"Maison de justice et du droit de La Rochelle"},"image":{"@id":"https:\/\/maisondejusticetdudroit.fr\/#\/schema\/logo\/image\/"}}]}},"_links":{"self":[{"href":"https:\/\/maisondejusticetdudroit.fr\/index.php\/wp-json\/wp\/v2\/pages\/1386"}],"collection":[{"href":"https:\/\/maisondejusticetdudroit.fr\/index.php\/wp-json\/wp\/v2\/pages"}],"about":[{"href":"https:\/\/maisondejusticetdudroit.fr\/index.php\/wp-json\/wp\/v2\/types\/page"}],"author":[{"embeddable":true,"href":"https:\/\/maisondejusticetdudroit.fr\/index.php\/wp-json\/wp\/v2\/users\/1"}],"replies":[{"embeddable":true,"href":"https:\/\/maisondejusticetdudroit.fr\/index.php\/wp-json\/wp\/v2\/comments?post=1386"}],"version-history":[{"count":13,"href":"https:\/\/maisondejusticetdudroit.fr\/index.php\/wp-json\/wp\/v2\/pages\/1386\/revisions"}],"predecessor-version":[{"id":1718,"href":"https:\/\/maisondejusticetdudroit.fr\/index.php\/wp-json\/wp\/v2\/pages\/1386\/revisions\/1718"}],"wp:attachment":[{"href":"https:\/\/maisondejusticetdudroit.fr\/index.php\/wp-json\/wp\/v2\/media?parent=1386"}],"curies":[{"name":"wp","href":"https:\/\/api.w.org\/{rel}","templated":true}]}}