{"id":1492,"date":"2019-12-18T15:57:31","date_gmt":"2019-12-18T14:57:31","guid":{"rendered":"https:\/\/maisondejusticeetdudroit.fr\/?page_id=1492"},"modified":"2021-11-20T16:10:02","modified_gmt":"2021-11-20T15:10:02","slug":"les-professionnels-de-droit","status":"publish","type":"page","link":"https:\/\/maisondejusticetdudroit.fr\/index.php\/les-professionnels-de-droit\/","title":{"rendered":"Les professionnels de droit"},"content":{"rendered":"\t\t<div data-elementor-type=\"wp-page\" data-elementor-id=\"1492\" class=\"elementor elementor-1492\">\n\t\t\t\t\t\t<div class=\"elementor-inner\">\n\t\t\t\t<div class=\"elementor-section-wrap\">\n\t\t\t\t\t\t\t\t\t<section class=\"elementor-section elementor-top-section elementor-element elementor-element-fa3277d elementor-section-full_width elementor-section-height-default elementor-section-height-default\" data-id=\"fa3277d\" data-element_type=\"section\">\n\t\t\t\t\t\t<div class=\"elementor-container elementor-column-gap-default\">\n\t\t\t\t\t\t\t<div class=\"elementor-row\">\n\t\t\t\t\t<div class=\"elementor-column elementor-col-100 elementor-top-column elementor-element elementor-element-8a69471\" data-id=\"8a69471\" data-element_type=\"column\">\n\t\t\t<div class=\"elementor-column-wrap elementor-element-populated\">\n\t\t\t\t\t\t\t<div class=\"elementor-widget-wrap\">\n\t\t\t\t\t\t<div class=\"elementor-element elementor-element-b456fc8 elementor-widget elementor-widget-text-editor\" data-id=\"b456fc8\" data-element_type=\"widget\" data-widget_type=\"text-editor.default\">\n\t\t\t\t<div class=\"elementor-widget-container\">\n\t\t\t\t\t\t\t\t<div class=\"elementor-text-editor elementor-clearfix\">\n\t\t\t\t<p><i> <\/i><b>Les avocats<\/b> tiennent des consultations juridiques <i>hebdomadaires<\/i>, par roulement \u00e9tabli par l&rsquo;Ordre des Avocats, l&rsquo;une en mati\u00e8re de droit du travail (un seul avocat) le lundi matin, et l&rsquo;autre g\u00e9n\u00e9raliste, le jeudi apr\u00e8s-midi (deux avocats, hormis une fois par mois, le 1er jeudi du mois ou le 1er jeudi suivant les vacances scolaires, o\u00f9 le second avocat se rend au PAD de Villeneuve-Les-Salines).<\/p><p align=\"JUSTIFY\">Ils tiennent \u00e9galement une permanence <i>mensuelle<\/i> en mati\u00e8re de d\u00e9fense\u00a0 juridique des mineurs le 1er mercredi apr\u00e8s-midi. (ex. mineur en souffrance lors de droits de visite et d&rsquo;h\u00e9bergement chez l&rsquo;autre parent, dans le cadre d&rsquo;une s\u00e9paration, ou mineur d\u00e9sireux de faire une demande d&rsquo;\u00e9mancipation, etc.).<\/p><div><i>\u00a0\u00a0 A noter : <br \/><\/i><\/div><div><i>\u00a0<\/i><\/div><div><i>\u00a0\u00a0 . le 1er jeudi des mois pairs, l&rsquo;avocat de permanence \u00e0 la MJD assure une permanence en droit de<\/i> <em>la consommation.<\/em><i><br \/><\/i><\/div><div><i>\u00a0<\/i><\/div><div><i>\u00a0\u00a0 . les avocats ne consultent pas pendant les vacances scolaires<\/i><\/div><div><i>\u00a0<\/i><\/div>\t\t\t\t\t<\/div>\n\t\t\t\t\t\t<\/div>\n\t\t\t\t<\/div>\n\t\t\t\t\t\t<\/div>\n\t\t\t\t\t<\/div>\n\t\t<\/div>\n\t\t\t\t\t\t\t\t<\/div>\n\t\t\t\t\t<\/div>\n\t\t<\/section>\n\t\t\t\t<section class=\"elementor-section elementor-top-section elementor-element elementor-element-33a82ab elementor-section-full_width elementor-section-height-default elementor-section-height-default\" data-id=\"33a82ab\" data-element_type=\"section\">\n\t\t\t\t\t\t<div class=\"elementor-container elementor-column-gap-default\">\n\t\t\t\t\t\t\t<div class=\"elementor-row\">\n\t\t\t\t\t<div class=\"elementor-column elementor-col-100 elementor-top-column elementor-element elementor-element-14dd873\" data-id=\"14dd873\" data-element_type=\"column\">\n\t\t\t<div class=\"elementor-column-wrap elementor-element-populated\">\n\t\t\t\t\t\t\t<div class=\"elementor-widget-wrap\">\n\t\t\t\t\t\t<div class=\"elementor-element elementor-element-3884f7c elementor-widget elementor-widget-text-editor\" data-id=\"3884f7c\" data-element_type=\"widget\" data-widget_type=\"text-editor.default\">\n\t\t\t\t<div class=\"elementor-widget-container\">\n\t\t\t\t\t\t\t\t<div class=\"elementor-text-editor elementor-clearfix\">\n\t\t\t\t<p align=\"JUSTIFY\"><b>Les notaires<\/b><i> <\/i>tiennent une consultation juridique <i>mensuelle, <\/i>sur roulement \u00e9tabli par la Chambre D\u00e9partementale des Notaires, le 3\u00e8me mercredi du mois l&rsquo;apr\u00e8s-midi (probl\u00e9matiques le plus souvent abord\u00e9es : questions relatives \u00e0 une succession, difficult\u00e9s de partage dans le cadre de s\u00e9parations, donations-partage, testaments, contrats de mariage, questions d&rsquo;ordre g\u00e9n\u00e9ral sur les S.C.I., etc.).<\/p><p align=\"JUSTIFY\"><i>\u00a0\u00a0 A noter : <\/i><\/p><p align=\"JUSTIFY\"><i>\u00a0\u00a0 . les notaires ne consultent pas au mois d&rsquo;ao\u00fbt<\/i><\/p><p align=\"JUSTIFY\"><i>\u00a0\u00a0 . leurs permanences se tiennent en distanciel (par voie t\u00e9l\u00e9phonique) depuis d\u00e9but novembre 2020, date du second confinement<br \/><\/i><\/p>\t\t\t\t\t<\/div>\n\t\t\t\t\t\t<\/div>\n\t\t\t\t<\/div>\n\t\t\t\t\t\t<\/div>\n\t\t\t\t\t<\/div>\n\t\t<\/div>\n\t\t\t\t\t\t\t\t<\/div>\n\t\t\t\t\t<\/div>\n\t\t<\/section>\n\t\t\t\t<section class=\"elementor-section elementor-top-section elementor-element elementor-element-768413b elementor-section-full_width elementor-section-height-default elementor-section-height-default\" data-id=\"768413b\" data-element_type=\"section\">\n\t\t\t\t\t\t<div class=\"elementor-container elementor-column-gap-default\">\n\t\t\t\t\t\t\t<div class=\"elementor-row\">\n\t\t\t\t\t<div class=\"elementor-column elementor-col-100 elementor-top-column elementor-element elementor-element-e2cb4fc\" data-id=\"e2cb4fc\" data-element_type=\"column\">\n\t\t\t<div class=\"elementor-column-wrap elementor-element-populated\">\n\t\t\t\t\t\t\t<div class=\"elementor-widget-wrap\">\n\t\t\t\t\t\t<div class=\"elementor-element elementor-element-5034eb4 elementor-widget elementor-widget-text-editor\" data-id=\"5034eb4\" data-element_type=\"widget\" data-widget_type=\"text-editor.default\">\n\t\t\t\t<div class=\"elementor-widget-container\">\n\t\t\t\t\t\t\t\t<div class=\"elementor-text-editor elementor-clearfix\">\n\t\t\t\t<p align=\"JUSTIFY\"><b>Les Huissiers de Justice<\/b><i> <\/i>tiennent une consultation juridique mensuelle, sur roulement \u00e9tabli par la Chambre D\u00e9partementale des Huissiers, le 4\u00e8me mardi du mois au matin (probl\u00e9matiques le plus souvent abord\u00e9es : questions ayant trait \u00e0 des proc\u00e9dures amiables ou judiciaires, aux poursuites locatives, aux difficult\u00e9s dans le cadre de voies d&rsquo;ex\u00e9cution, des proc\u00e8s-verbaux de constatations, etc.).<\/p>\n<p><i>&nbsp;&nbsp; A noter : <\/i><\/p>\n<p><i>&nbsp;&nbsp; <\/i>. <em>les huissiers de justice ne consultent pas au mois d&rsquo;ao\u00fbt<\/em><\/p>\t\t\t\t\t<\/div>\n\t\t\t\t\t\t<\/div>\n\t\t\t\t<\/div>\n\t\t\t\t\t\t<\/div>\n\t\t\t\t\t<\/div>\n\t\t<\/div>\n\t\t\t\t\t\t\t\t<\/div>\n\t\t\t\t\t<\/div>\n\t\t<\/section>\n\t\t\t\t<section class=\"elementor-section elementor-top-section elementor-element elementor-element-b4aa662 elementor-section-boxed elementor-section-height-default elementor-section-height-default\" data-id=\"b4aa662\" data-element_type=\"section\">\n\t\t\t\t\t\t<div class=\"elementor-container elementor-column-gap-default\">\n\t\t\t\t\t\t\t<div class=\"elementor-row\">\n\t\t\t\t\t<div class=\"elementor-column elementor-col-100 elementor-top-column elementor-element elementor-element-ab6fb71\" data-id=\"ab6fb71\" data-element_type=\"column\">\n\t\t\t<div class=\"elementor-column-wrap elementor-element-populated\">\n\t\t\t\t\t\t\t<div class=\"elementor-widget-wrap\">\n\t\t\t\t\t\t<div class=\"elementor-element elementor-element-23a6a80 elementor-widget elementor-widget-text-editor\" data-id=\"23a6a80\" data-element_type=\"widget\" data-widget_type=\"text-editor.default\">\n\t\t\t\t<div class=\"elementor-widget-container\">\n\t\t\t\t\t\t\t\t<div class=\"elementor-text-editor elementor-clearfix\">\n\t\t\t\t\t\t\t\t\t<\/div>\n\t\t\t\t\t\t<\/div>\n\t\t\t\t<\/div>\n\t\t\t\t\t\t<\/div>\n\t\t\t\t\t<\/div>\n\t\t<\/div>\n\t\t\t\t\t\t\t\t<\/div>\n\t\t\t\t\t<\/div>\n\t\t<\/section>\n\t\t\t\t<section class=\"elementor-section elementor-top-section elementor-element elementor-element-4c0c317 elementor-section-boxed elementor-section-height-default elementor-section-height-default\" data-id=\"4c0c317\" data-element_type=\"section\">\n\t\t\t\t\t\t<div class=\"elementor-container elementor-column-gap-default\">\n\t\t\t\t\t\t\t<div class=\"elementor-row\">\n\t\t\t\t\t<div class=\"elementor-column elementor-col-50 elementor-top-column elementor-element elementor-element-5adfef0\" data-id=\"5adfef0\" data-element_type=\"column\">\n\t\t\t<div class=\"elementor-column-wrap elementor-element-populated\">\n\t\t\t\t\t\t\t<div class=\"elementor-widget-wrap\">\n\t\t\t\t\t\t<div class=\"elementor-element elementor-element-70d8487 elementor-widget elementor-widget-text-editor\" data-id=\"70d8487\" data-element_type=\"widget\" data-widget_type=\"text-editor.default\">\n\t\t\t\t<div class=\"elementor-widget-container\">\n\t\t\t\t\t\t\t\t<div class=\"elementor-text-editor elementor-clearfix\">\n\t\t\t\t<p style=\"text-align: center;\">Cliquer sur \u00ab\u00a0planning\u00a0\u00bb<\/p><p style=\"text-align: center;\"><em>(R\u00e9capitulatif des interventions des professionnels de droit)<\/em><\/p>\t\t\t\t\t<\/div>\n\t\t\t\t\t\t<\/div>\n\t\t\t\t<\/div>\n\t\t\t\t\t\t<\/div>\n\t\t\t\t\t<\/div>\n\t\t<\/div>\n\t\t\t\t<div class=\"elementor-column elementor-col-50 elementor-top-column elementor-element elementor-element-4a9404e\" data-id=\"4a9404e\" data-element_type=\"column\">\n\t\t\t<div class=\"elementor-column-wrap elementor-element-populated\">\n\t\t\t\t\t\t\t<div class=\"elementor-widget-wrap\">\n\t\t\t\t\t\t<div class=\"elementor-element elementor-element-9378855 elementor-widget elementor-widget-image\" data-id=\"9378855\" data-element_type=\"widget\" data-widget_type=\"image.default\">\n\t\t\t\t<div class=\"elementor-widget-container\">\n\t\t\t\t\t\t\t\t<div class=\"elementor-image\">\n\t\t\t\t\t\t\t\t\t\t\t\t\t<a href=\"https:\/\/maisondejusticetdudroit.fr\/wp-content\/uploads\/2021\/03\/Detail-des-differentes-Interventions-au-sein-de-la-MJD-Professionnels-de-droit.pdf\" target=\"_blank\">\n\t\t\t\t\t\t\t<img decoding=\"async\" src=\"https:\/\/maisondejusticetdudroit.fr\/wp-content\/uploads\/elementor\/thumbs\/planning-professionnels-de-droit-\u00e0-prendre-oiz2gkxd2ijo141zn2fjs8vdew0ak9dteeohnpi7kc.png\" title=\"planning professionnels de droit \u00e0 prendre\" alt=\"planning professionnels de droit \u00e0 prendre\" \/>\t\t\t\t\t\t\t\t<\/a>\n\t\t\t\t\t\t\t\t\t\t\t\t\t\t<\/div>\n\t\t\t\t\t\t<\/div>\n\t\t\t\t<\/div>\n\t\t\t\t\t\t<\/div>\n\t\t\t\t\t<\/div>\n\t\t<\/div>\n\t\t\t\t\t\t\t\t<\/div>\n\t\t\t\t\t<\/div>\n\t\t<\/section>\n\t\t\t\t<section class=\"elementor-section elementor-top-section elementor-element elementor-element-d506fa5 elementor-section-boxed elementor-section-height-default elementor-section-height-default\" data-id=\"d506fa5\" data-element_type=\"section\">\n\t\t\t\t\t\t<div class=\"elementor-container elementor-column-gap-default\">\n\t\t\t\t\t\t\t<div class=\"elementor-row\">\n\t\t\t\t\t<div class=\"elementor-column elementor-col-100 elementor-top-column elementor-element elementor-element-91d4fda\" data-id=\"91d4fda\" data-element_type=\"column\">\n\t\t\t<div class=\"elementor-column-wrap elementor-element-populated\">\n\t\t\t\t\t\t\t<div class=\"elementor-widget-wrap\">\n\t\t\t\t\t\t<div class=\"elementor-element elementor-element-e5cf97a elementor-widget elementor-widget-text-editor\" data-id=\"e5cf97a\" data-element_type=\"widget\" data-widget_type=\"text-editor.default\">\n\t\t\t\t<div class=\"elementor-widget-container\">\n\t\t\t\t\t\t\t\t<div class=\"elementor-text-editor elementor-clearfix\">\n\t\t\t\t\t\t\t\t\t<\/div>\n\t\t\t\t\t\t<\/div>\n\t\t\t\t<\/div>\n\t\t\t\t\t\t<\/div>\n\t\t\t\t\t<\/div>\n\t\t<\/div>\n\t\t\t\t\t\t\t\t<\/div>\n\t\t\t\t\t<\/div>\n\t\t<\/section>\n\t\t\t\t\t\t\t\t\t<\/div>\n\t\t\t<\/div>\n\t\t\t\t\t<\/div>\n\t\t","protected":false},"excerpt":{"rendered":"<p>Les avocats tiennent des consultations juridiques hebdomadaires, par roulement \u00e9tabli par l&rsquo;Ordre des Avocats, l&rsquo;une en mati\u00e8re de droit du travail (un seul avocat) le lundi matin, et l&rsquo;autre g\u00e9n\u00e9raliste, le jeudi apr\u00e8s-midi (deux avocats, hormis une fois par mois, le 1er jeudi du mois ou le 1er jeudi suivant les vacances scolaires, o\u00f9 le <a class=\"more-link\" href=\"https:\/\/maisondejusticetdudroit.fr\/index.php\/les-professionnels-de-droit\/\">Lire plus &#8230;<\/a><\/p>\n","protected":false},"author":1,"featured_media":0,"parent":0,"menu_order":0,"comment_status":"closed","ping_status":"closed","template":"","meta":{"footnotes":""},"yoast_head":"<!-- This site is optimized with the Yoast SEO plugin v19.7.2 - https:\/\/yoast.com\/wordpress\/plugins\/seo\/ -->\n<title>Les professionnels de droit - Maison De Justice et du Droit de La Rochelle<\/title>\n<meta name=\"robots\" content=\"index, follow, max-snippet:-1, max-image-preview:large, max-video-preview:-1\" \/>\n<link rel=\"canonical\" href=\"https:\/\/maisondejusticetdudroit.fr\/index.php\/les-professionnels-de-droit\/\" \/>\n<meta property=\"og:locale\" content=\"fr_FR\" \/>\n<meta property=\"og:type\" content=\"article\" \/>\n<meta property=\"og:title\" content=\"Les professionnels de droit - Maison De Justice et du Droit de La Rochelle\" \/>\n<meta property=\"og:description\" content=\"Les avocats tiennent des consultations juridiques hebdomadaires, par roulement \u00e9tabli par l&rsquo;Ordre des Avocats, l&rsquo;une en mati\u00e8re de droit du travail (un seul avocat) le lundi matin, et l&rsquo;autre g\u00e9n\u00e9raliste, le jeudi apr\u00e8s-midi (deux avocats, hormis une fois par mois, le 1er jeudi du mois ou le 1er jeudi suivant les vacances scolaires, o\u00f9 le Lire plus ...\" \/>\n<meta property=\"og:url\" content=\"https:\/\/maisondejusticetdudroit.fr\/index.php\/les-professionnels-de-droit\/\" \/>\n<meta property=\"og:site_name\" content=\"Maison De Justice et du Droit de La Rochelle\" \/>\n<meta property=\"article:modified_time\" content=\"2021-11-20T15:10:02+00:00\" \/>\n<meta name=\"twitter:card\" content=\"summary_large_image\" \/>\n<meta name=\"twitter:label1\" content=\"Dur\u00e9e de lecture estim\u00e9e\" \/>\n\t<meta name=\"twitter:data1\" content=\"2 minutes\" \/>\n<script type=\"application\/ld+json\" class=\"yoast-schema-graph\">{\"@context\":\"https:\/\/schema.org\",\"@graph\":[{\"@type\":\"WebPage\",\"@id\":\"https:\/\/maisondejusticetdudroit.fr\/index.php\/les-professionnels-de-droit\/\",\"url\":\"https:\/\/maisondejusticetdudroit.fr\/index.php\/les-professionnels-de-droit\/\",\"name\":\"Les professionnels de droit - Maison De Justice et du Droit de La Rochelle\",\"isPartOf\":{\"@id\":\"https:\/\/maisondejusticetdudroit.fr\/#website\"},\"datePublished\":\"2019-12-18T14:57:31+00:00\",\"dateModified\":\"2021-11-20T15:10:02+00:00\",\"breadcrumb\":{\"@id\":\"https:\/\/maisondejusticetdudroit.fr\/index.php\/les-professionnels-de-droit\/#breadcrumb\"},\"inLanguage\":\"fr-FR\",\"potentialAction\":[{\"@type\":\"ReadAction\",\"target\":[\"https:\/\/maisondejusticetdudroit.fr\/index.php\/les-professionnels-de-droit\/\"]}]},{\"@type\":\"BreadcrumbList\",\"@id\":\"https:\/\/maisondejusticetdudroit.fr\/index.php\/les-professionnels-de-droit\/#breadcrumb\",\"itemListElement\":[{\"@type\":\"ListItem\",\"position\":1,\"name\":\"Accueil\",\"item\":\"https:\/\/maisondejusticetdudroit.fr\/\"},{\"@type\":\"ListItem\",\"position\":2,\"name\":\"Les professionnels de droit\"}]},{\"@type\":\"WebSite\",\"@id\":\"https:\/\/maisondejusticetdudroit.fr\/#website\",\"url\":\"https:\/\/maisondejusticetdudroit.fr\/\",\"name\":\"Maison De Justice et du Droit de La Rochelle\",\"description\":\"Un service gratuit et confidentiel d&#039;information juridique\",\"publisher\":{\"@id\":\"https:\/\/maisondejusticetdudroit.fr\/#organization\"},\"potentialAction\":[{\"@type\":\"SearchAction\",\"target\":{\"@type\":\"EntryPoint\",\"urlTemplate\":\"https:\/\/maisondejusticetdudroit.fr\/?s={search_term_string}\"},\"query-input\":\"required name=search_term_string\"}],\"inLanguage\":\"fr-FR\"},{\"@type\":\"Organization\",\"@id\":\"https:\/\/maisondejusticetdudroit.fr\/#organization\",\"name\":\"Maison de justice et du droit de La Rochelle\",\"url\":\"https:\/\/maisondejusticetdudroit.fr\/\",\"sameAs\":[],\"logo\":{\"@type\":\"ImageObject\",\"inLanguage\":\"fr-FR\",\"@id\":\"https:\/\/maisondejusticetdudroit.fr\/#\/schema\/logo\/image\/\",\"url\":\"https:\/\/maisondejusticetdudroit.fr\/wp-content\/uploads\/2019\/12\/logo_MDJ.png\",\"contentUrl\":\"https:\/\/maisondejusticetdudroit.fr\/wp-content\/uploads\/2019\/12\/logo_MDJ.png\",\"width\":360,\"height\":270,\"caption\":\"Maison de justice et du droit de La Rochelle\"},\"image\":{\"@id\":\"https:\/\/maisondejusticetdudroit.fr\/#\/schema\/logo\/image\/\"}}]}<\/script>\n<!-- \/ Yoast SEO plugin. -->","yoast_head_json":{"title":"Les professionnels de droit - Maison De Justice et du Droit de La Rochelle","robots":{"index":"index","follow":"follow","max-snippet":"max-snippet:-1","max-image-preview":"max-image-preview:large","max-video-preview":"max-video-preview:-1"},"canonical":"https:\/\/maisondejusticetdudroit.fr\/index.php\/les-professionnels-de-droit\/","og_locale":"fr_FR","og_type":"article","og_title":"Les professionnels de droit - Maison De Justice et du Droit de La Rochelle","og_description":"Les avocats tiennent des consultations juridiques hebdomadaires, par roulement \u00e9tabli par l&rsquo;Ordre des Avocats, l&rsquo;une en mati\u00e8re de droit du travail (un seul avocat) le lundi matin, et l&rsquo;autre g\u00e9n\u00e9raliste, le jeudi apr\u00e8s-midi (deux avocats, hormis une fois par mois, le 1er jeudi du mois ou le 1er jeudi suivant les vacances scolaires, o\u00f9 le Lire plus ...","og_url":"https:\/\/maisondejusticetdudroit.fr\/index.php\/les-professionnels-de-droit\/","og_site_name":"Maison De Justice et du Droit de La Rochelle","article_modified_time":"2021-11-20T15:10:02+00:00","twitter_card":"summary_large_image","twitter_misc":{"Dur\u00e9e de lecture estim\u00e9e":"2 minutes"},"schema":{"@context":"https:\/\/schema.org","@graph":[{"@type":"WebPage","@id":"https:\/\/maisondejusticetdudroit.fr\/index.php\/les-professionnels-de-droit\/","url":"https:\/\/maisondejusticetdudroit.fr\/index.php\/les-professionnels-de-droit\/","name":"Les professionnels de droit - Maison De Justice et du Droit de La Rochelle","isPartOf":{"@id":"https:\/\/maisondejusticetdudroit.fr\/#website"},"datePublished":"2019-12-18T14:57:31+00:00","dateModified":"2021-11-20T15:10:02+00:00","breadcrumb":{"@id":"https:\/\/maisondejusticetdudroit.fr\/index.php\/les-professionnels-de-droit\/#breadcrumb"},"inLanguage":"fr-FR","potentialAction":[{"@type":"ReadAction","target":["https:\/\/maisondejusticetdudroit.fr\/index.php\/les-professionnels-de-droit\/"]}]},{"@type":"BreadcrumbList","@id":"https:\/\/maisondejusticetdudroit.fr\/index.php\/les-professionnels-de-droit\/#breadcrumb","itemListElement":[{"@type":"ListItem","position":1,"name":"Accueil","item":"https:\/\/maisondejusticetdudroit.fr\/"},{"@type":"ListItem","position":2,"name":"Les professionnels de droit"}]},{"@type":"WebSite","@id":"https:\/\/maisondejusticetdudroit.fr\/#website","url":"https:\/\/maisondejusticetdudroit.fr\/","name":"Maison De Justice et du Droit de La Rochelle","description":"Un service gratuit et confidentiel d&#039;information juridique","publisher":{"@id":"https:\/\/maisondejusticetdudroit.fr\/#organization"},"potentialAction":[{"@type":"SearchAction","target":{"@type":"EntryPoint","urlTemplate":"https:\/\/maisondejusticetdudroit.fr\/?s={search_term_string}"},"query-input":"required name=search_term_string"}],"inLanguage":"fr-FR"},{"@type":"Organization","@id":"https:\/\/maisondejusticetdudroit.fr\/#organization","name":"Maison de justice et du droit de La Rochelle","url":"https:\/\/maisondejusticetdudroit.fr\/","sameAs":[],"logo":{"@type":"ImageObject","inLanguage":"fr-FR","@id":"https:\/\/maisondejusticetdudroit.fr\/#\/schema\/logo\/image\/","url":"https:\/\/maisondejusticetdudroit.fr\/wp-content\/uploads\/2019\/12\/logo_MDJ.png","contentUrl":"https:\/\/maisondejusticetdudroit.fr\/wp-content\/uploads\/2019\/12\/logo_MDJ.png","width":360,"height":270,"caption":"Maison de justice et du droit de La Rochelle"},"image":{"@id":"https:\/\/maisondejusticetdudroit.fr\/#\/schema\/logo\/image\/"}}]}},"_links":{"self":[{"href":"https:\/\/maisondejusticetdudroit.fr\/index.php\/wp-json\/wp\/v2\/pages\/1492"}],"collection":[{"href":"https:\/\/maisondejusticetdudroit.fr\/index.php\/wp-json\/wp\/v2\/pages"}],"about":[{"href":"https:\/\/maisondejusticetdudroit.fr\/index.php\/wp-json\/wp\/v2\/types\/page"}],"author":[{"embeddable":true,"href":"https:\/\/maisondejusticetdudroit.fr\/index.php\/wp-json\/wp\/v2\/users\/1"}],"replies":[{"embeddable":true,"href":"https:\/\/maisondejusticetdudroit.fr\/index.php\/wp-json\/wp\/v2\/comments?post=1492"}],"version-history":[{"count":97,"href":"https:\/\/maisondejusticetdudroit.fr\/index.php\/wp-json\/wp\/v2\/pages\/1492\/revisions"}],"predecessor-version":[{"id":7582,"href":"https:\/\/maisondejusticetdudroit.fr\/index.php\/wp-json\/wp\/v2\/pages\/1492\/revisions\/7582"}],"wp:attachment":[{"href":"https:\/\/maisondejusticetdudroit.fr\/index.php\/wp-json\/wp\/v2\/media?parent=1492"}],"curies":[{"name":"wp","href":"https:\/\/api.w.org\/{rel}","templated":true}]}}