{"id":240,"date":"2018-11-09T12:08:59","date_gmt":"2018-11-09T11:08:59","guid":{"rendered":"http:\/\/maisondejusticeetdudroit.fr\/?page_id=240"},"modified":"2020-01-14T19:09:52","modified_gmt":"2020-01-14T18:09:52","slug":"activite-judiciaire-3","status":"publish","type":"page","link":"https:\/\/maisondejusticetdudroit.fr\/index.php\/activite-judiciaire-3\/","title":{"rendered":"Vous \u00eates convoqu\u00e9(e) devant un d\u00e9l\u00e9gu\u00e9 du procureur"},"content":{"rendered":"\t\t<div data-elementor-type=\"wp-page\" data-elementor-id=\"240\" class=\"elementor elementor-240\">\n\t\t\t\t\t\t<div class=\"elementor-inner\">\n\t\t\t\t<div class=\"elementor-section-wrap\">\n\t\t\t\t\t\t\t\t\t<section class=\"elementor-section elementor-top-section elementor-element elementor-element-f81225b elementor-section-full_width elementor-section-height-default elementor-section-height-default\" data-id=\"f81225b\" data-element_type=\"section\">\n\t\t\t\t\t\t<div class=\"elementor-container elementor-column-gap-default\">\n\t\t\t\t\t\t\t<div class=\"elementor-row\">\n\t\t\t\t\t<div class=\"elementor-column elementor-col-100 elementor-top-column elementor-element elementor-element-647e630\" data-id=\"647e630\" data-element_type=\"column\">\n\t\t\t<div class=\"elementor-column-wrap elementor-element-populated\">\n\t\t\t\t\t\t\t<div class=\"elementor-widget-wrap\">\n\t\t\t\t\t\t<div class=\"elementor-element elementor-element-a5e89c2 elementor-widget elementor-widget-text-editor\" data-id=\"a5e89c2\" data-element_type=\"widget\" data-widget_type=\"text-editor.default\">\n\t\t\t\t<div class=\"elementor-widget-container\">\n\t\t\t\t\t\t\t\t<div class=\"elementor-text-editor elementor-clearfix\">\n\t\t\t\t<p align=\"JUSTIFY\">Deux d\u00e9l\u00e9gu\u00e9s du procureur (un pour les majeurs et un pour les mineurs) sont en charge de mettre en \u0153uvre des mesures alternatives aux poursuites p\u00e9nales engag\u00e9es \u00e0 l&rsquo;encontre de majeurs ou de mineurs ayant commis une infraction, dans des affaires de petite et moyenne d\u00e9linquance (atteintes aux personnes, aux biens, \u00e0 la l\u00e9gislation des stup\u00e9fiants, au Code de la route \u2026), <i>sur r\u00e9quisitions du Parquet<\/i>.<\/p>\n<p align=\"JUSTIFY\">Ces collaborateurs connaissent ainsi des rappels \u00e0 la loi, des classements sous conditions (r\u00e9paration du pr\u00e9judice de la victime ou orientation sanitaire, sociale ou professionnelle) et notification de classements sans suite.<\/p>\n<p align=\"JUSTIFY\">Les d\u00e9l\u00e9gu\u00e9s du procureur pour les majeurs connaissent, en outre, des compositions p\u00e9nales (reconnaissance par l&rsquo;auteur des faits et proposition d&rsquo;une mesure consistant \u00e0 ex\u00e9cuter diff\u00e9rentes obligations telles que le paiement d&rsquo;une amende ou d&rsquo;un retrait de permis).<\/p>\n<p align=\"JUSTIFY\">Les d\u00e9l\u00e9gu\u00e9s du procureur pour les mineurs traitent \u00e9galement, pour leur part, des r\u00e9parations p\u00e9nales (mesures sp\u00e9cifiques aux mineurs consistant en une r\u00e9flexion sur la port\u00e9e de l&rsquo;acte et \u00e0 la mise en place d&rsquo;une activit\u00e9 ou action en r\u00e9paration au b\u00e9n\u00e9fice de la victime ou de la collectivit\u00e9).<\/p>\n<p align=\"JUSTIFY\">Ces auxiliaires de justice re\u00e7oivent ainsi les auteurs concern\u00e9s, majeurs, ou mineurs accompagn\u00e9s de leurs repr\u00e9sentants l\u00e9gaux, mais aussi les victimes pour les dossiers dans lesquels ils sont tenus de mettre en place les modalit\u00e9s de leur indemnisation. Tous les int\u00e9ress\u00e9s peuvent faire le choix d&rsquo;\u00eatre assist\u00e9s par un avocat.<\/p>\n<p align=\"JUSTIFY\">Ils interviennent, au sein de la MJD, les lundi et\/ou mardi matin, pour les majeurs, et le mercredi matin et apr\u00e8s-midi, \u00e0 raison de deux permanences par mois, pour les mineurs, sauf p\u00e9riode de vacances scolaires.<\/p>\t\t\t\t\t<\/div>\n\t\t\t\t\t\t<\/div>\n\t\t\t\t<\/div>\n\t\t\t\t\t\t<\/div>\n\t\t\t\t\t<\/div>\n\t\t<\/div>\n\t\t\t\t\t\t\t\t<\/div>\n\t\t\t\t\t<\/div>\n\t\t<\/section>\n\t\t\t\t<section class=\"elementor-section elementor-top-section elementor-element elementor-element-c3e4137 elementor-section-full_width elementor-section-height-default elementor-section-height-default\" data-id=\"c3e4137\" data-element_type=\"section\">\n\t\t\t\t\t\t<div class=\"elementor-container elementor-column-gap-default\">\n\t\t\t\t\t\t\t<div class=\"elementor-row\">\n\t\t\t\t\t<div class=\"elementor-column elementor-col-100 elementor-top-column elementor-element elementor-element-0319b89\" data-id=\"0319b89\" data-element_type=\"column\">\n\t\t\t<div class=\"elementor-column-wrap elementor-element-populated\">\n\t\t\t\t\t\t\t<div class=\"elementor-widget-wrap\">\n\t\t\t\t\t\t<div class=\"elementor-element elementor-element-825a7dd elementor-widget elementor-widget-text-editor\" data-id=\"825a7dd\" data-element_type=\"widget\" data-widget_type=\"text-editor.default\">\n\t\t\t\t<div class=\"elementor-widget-container\">\n\t\t\t\t\t\t\t\t<div class=\"elementor-text-editor elementor-clearfix\">\n\t\t\t\t<p align=\"JUSTIFY\"><b>Il est imp\u00e9ratif pour vous de vous rendre \u00e0 la convocation devant le d\u00e9l\u00e9gu\u00e9 du procureur, assist\u00e9 ou non d&rsquo;un avocat. Vous vous exposez, en cas d&rsquo;absence non justifi\u00e9e ou en cas de non ex\u00e9cution des mesures propos\u00e9es, \u00e0 des poursuites par le Procureur de la R\u00e9publique, voire \u00e0 une convocation devant le Tribunal Correctionnel.<\/b><\/p>\t\t\t\t\t<\/div>\n\t\t\t\t\t\t<\/div>\n\t\t\t\t<\/div>\n\t\t\t\t\t\t<\/div>\n\t\t\t\t\t<\/div>\n\t\t<\/div>\n\t\t\t\t\t\t\t\t<\/div>\n\t\t\t\t\t<\/div>\n\t\t<\/section>\n\t\t\t\t<section class=\"elementor-section elementor-top-section elementor-element elementor-element-aa054f8 elementor-section-boxed elementor-section-height-default elementor-section-height-default\" data-id=\"aa054f8\" data-element_type=\"section\">\n\t\t\t\t\t\t<div class=\"elementor-container elementor-column-gap-default\">\n\t\t\t\t\t\t\t<div class=\"elementor-row\">\n\t\t\t\t\t<div class=\"elementor-column elementor-col-33 elementor-top-column elementor-element elementor-element-274f93b\" data-id=\"274f93b\" data-element_type=\"column\">\n\t\t\t<div class=\"elementor-column-wrap\">\n\t\t\t\t\t\t\t<div class=\"elementor-widget-wrap\">\n\t\t\t\t\t\t\t\t<\/div>\n\t\t\t\t\t<\/div>\n\t\t<\/div>\n\t\t\t\t<div class=\"elementor-column elementor-col-33 elementor-top-column elementor-element elementor-element-2b73c06\" data-id=\"2b73c06\" data-element_type=\"column\">\n\t\t\t<div class=\"elementor-column-wrap elementor-element-populated\">\n\t\t\t\t\t\t\t<div class=\"elementor-widget-wrap\">\n\t\t\t\t\t\t<div class=\"elementor-element elementor-element-d85b909 elementor-widget elementor-widget-image\" data-id=\"d85b909\" data-element_type=\"widget\" data-widget_type=\"image.default\">\n\t\t\t\t<div class=\"elementor-widget-container\">\n\t\t\t\t\t\t\t\t<div class=\"elementor-image\">\n\t\t\t\t\t\t\t\t\t\t\t\t\t<a href=\"https:\/\/www.justice.fr\/fiche\/justice-penale-mesures-alternatives-proces\" target=\"_blank\">\n\t\t\t\t\t\t\t<img loading=\"lazy\" decoding=\"async\" width=\"251\" height=\"201\" src=\"https:\/\/maisondejusticetdudroit.fr\/wp-content\/uploads\/2019\/12\/En-savoir-.png\" class=\"attachment-large size-large no-lazy\" alt=\"\" \/>\t\t\t\t\t\t\t\t<\/a>\n\t\t\t\t\t\t\t\t\t\t\t\t\t\t<\/div>\n\t\t\t\t\t\t<\/div>\n\t\t\t\t<\/div>\n\t\t\t\t\t\t<\/div>\n\t\t\t\t\t<\/div>\n\t\t<\/div>\n\t\t\t\t<div class=\"elementor-column elementor-col-33 elementor-top-column elementor-element elementor-element-22a265b\" data-id=\"22a265b\" data-element_type=\"column\">\n\t\t\t<div class=\"elementor-column-wrap\">\n\t\t\t\t\t\t\t<div class=\"elementor-widget-wrap\">\n\t\t\t\t\t\t\t\t<\/div>\n\t\t\t\t\t<\/div>\n\t\t<\/div>\n\t\t\t\t\t\t\t\t<\/div>\n\t\t\t\t\t<\/div>\n\t\t<\/section>\n\t\t\t\t\t\t\t\t\t<\/div>\n\t\t\t<\/div>\n\t\t\t\t\t<\/div>\n\t\t","protected":false},"excerpt":{"rendered":"<p>Deux d\u00e9l\u00e9gu\u00e9s du procureur (un pour les majeurs et un pour les mineurs) sont en charge de mettre en \u0153uvre des mesures alternatives aux poursuites p\u00e9nales engag\u00e9es \u00e0 l&rsquo;encontre de majeurs ou de mineurs ayant commis une infraction, dans des affaires de petite et moyenne d\u00e9linquance (atteintes aux personnes, aux biens, \u00e0 la l\u00e9gislation des <a class=\"more-link\" href=\"https:\/\/maisondejusticetdudroit.fr\/index.php\/activite-judiciaire-3\/\">Lire plus &#8230;<\/a><\/p>\n","protected":false},"author":1,"featured_media":0,"parent":0,"menu_order":0,"comment_status":"closed","ping_status":"closed","template":"","meta":{"footnotes":""},"yoast_head":"<!-- This site is optimized with the Yoast SEO plugin v19.7.2 - https:\/\/yoast.com\/wordpress\/plugins\/seo\/ -->\n<title>Vous \u00eates convoqu\u00e9(e) devant un d\u00e9l\u00e9gu\u00e9 du procureur - Maison De Justice et du Droit de La Rochelle<\/title>\n<meta name=\"robots\" content=\"index, follow, max-snippet:-1, max-image-preview:large, max-video-preview:-1\" \/>\n<link rel=\"canonical\" href=\"https:\/\/maisondejusticetdudroit.fr\/index.php\/activite-judiciaire-3\/\" \/>\n<meta property=\"og:locale\" content=\"fr_FR\" \/>\n<meta property=\"og:type\" content=\"article\" \/>\n<meta property=\"og:title\" content=\"Vous \u00eates convoqu\u00e9(e) devant un d\u00e9l\u00e9gu\u00e9 du procureur - Maison De Justice et du Droit de La Rochelle\" \/>\n<meta property=\"og:description\" content=\"Deux d\u00e9l\u00e9gu\u00e9s du procureur (un pour les majeurs et un pour les mineurs) sont en charge de mettre en \u0153uvre des mesures alternatives aux poursuites p\u00e9nales engag\u00e9es \u00e0 l&rsquo;encontre de majeurs ou de mineurs ayant commis une infraction, dans des affaires de petite et moyenne d\u00e9linquance (atteintes aux personnes, aux biens, \u00e0 la l\u00e9gislation des Lire plus ...\" \/>\n<meta property=\"og:url\" content=\"https:\/\/maisondejusticetdudroit.fr\/index.php\/activite-judiciaire-3\/\" \/>\n<meta property=\"og:site_name\" content=\"Maison De Justice et du Droit de La Rochelle\" \/>\n<meta property=\"article:modified_time\" content=\"2020-01-14T18:09:52+00:00\" \/>\n<meta property=\"og:image\" content=\"https:\/\/maisondejusticeetdudroit.fr\/wp-content\/uploads\/2019\/12\/En-savoir-.png\" \/>\n<meta name=\"twitter:card\" content=\"summary_large_image\" \/>\n<meta name=\"twitter:label1\" content=\"Dur\u00e9e de lecture estim\u00e9e\" \/>\n\t<meta name=\"twitter:data1\" content=\"2 minutes\" \/>\n<script type=\"application\/ld+json\" class=\"yoast-schema-graph\">{\"@context\":\"https:\/\/schema.org\",\"@graph\":[{\"@type\":\"WebPage\",\"@id\":\"https:\/\/maisondejusticetdudroit.fr\/index.php\/activite-judiciaire-3\/\",\"url\":\"https:\/\/maisondejusticetdudroit.fr\/index.php\/activite-judiciaire-3\/\",\"name\":\"Vous \u00eates convoqu\u00e9(e) devant un d\u00e9l\u00e9gu\u00e9 du procureur - Maison De Justice et du Droit de La Rochelle\",\"isPartOf\":{\"@id\":\"https:\/\/maisondejusticetdudroit.fr\/#website\"},\"datePublished\":\"2018-11-09T11:08:59+00:00\",\"dateModified\":\"2020-01-14T18:09:52+00:00\",\"breadcrumb\":{\"@id\":\"https:\/\/maisondejusticetdudroit.fr\/index.php\/activite-judiciaire-3\/#breadcrumb\"},\"inLanguage\":\"fr-FR\",\"potentialAction\":[{\"@type\":\"ReadAction\",\"target\":[\"https:\/\/maisondejusticetdudroit.fr\/index.php\/activite-judiciaire-3\/\"]}]},{\"@type\":\"BreadcrumbList\",\"@id\":\"https:\/\/maisondejusticetdudroit.fr\/index.php\/activite-judiciaire-3\/#breadcrumb\",\"itemListElement\":[{\"@type\":\"ListItem\",\"position\":1,\"name\":\"Accueil\",\"item\":\"https:\/\/maisondejusticetdudroit.fr\/\"},{\"@type\":\"ListItem\",\"position\":2,\"name\":\"Vous \u00eates convoqu\u00e9(e) devant un d\u00e9l\u00e9gu\u00e9 du procureur\"}]},{\"@type\":\"WebSite\",\"@id\":\"https:\/\/maisondejusticetdudroit.fr\/#website\",\"url\":\"https:\/\/maisondejusticetdudroit.fr\/\",\"name\":\"Maison De Justice et du Droit de La Rochelle\",\"description\":\"Un service gratuit et confidentiel d&#039;information juridique\",\"publisher\":{\"@id\":\"https:\/\/maisondejusticetdudroit.fr\/#organization\"},\"potentialAction\":[{\"@type\":\"SearchAction\",\"target\":{\"@type\":\"EntryPoint\",\"urlTemplate\":\"https:\/\/maisondejusticetdudroit.fr\/?s={search_term_string}\"},\"query-input\":\"required name=search_term_string\"}],\"inLanguage\":\"fr-FR\"},{\"@type\":\"Organization\",\"@id\":\"https:\/\/maisondejusticetdudroit.fr\/#organization\",\"name\":\"Maison de justice et du droit de La Rochelle\",\"url\":\"https:\/\/maisondejusticetdudroit.fr\/\",\"sameAs\":[],\"logo\":{\"@type\":\"ImageObject\",\"inLanguage\":\"fr-FR\",\"@id\":\"https:\/\/maisondejusticetdudroit.fr\/#\/schema\/logo\/image\/\",\"url\":\"https:\/\/maisondejusticetdudroit.fr\/wp-content\/uploads\/2019\/12\/logo_MDJ.png\",\"contentUrl\":\"https:\/\/maisondejusticetdudroit.fr\/wp-content\/uploads\/2019\/12\/logo_MDJ.png\",\"width\":360,\"height\":270,\"caption\":\"Maison de justice et du droit de La Rochelle\"},\"image\":{\"@id\":\"https:\/\/maisondejusticetdudroit.fr\/#\/schema\/logo\/image\/\"}}]}<\/script>\n<!-- \/ Yoast SEO plugin. -->","yoast_head_json":{"title":"Vous \u00eates convoqu\u00e9(e) devant un d\u00e9l\u00e9gu\u00e9 du procureur - Maison De Justice et du Droit de La Rochelle","robots":{"index":"index","follow":"follow","max-snippet":"max-snippet:-1","max-image-preview":"max-image-preview:large","max-video-preview":"max-video-preview:-1"},"canonical":"https:\/\/maisondejusticetdudroit.fr\/index.php\/activite-judiciaire-3\/","og_locale":"fr_FR","og_type":"article","og_title":"Vous \u00eates convoqu\u00e9(e) devant un d\u00e9l\u00e9gu\u00e9 du procureur - Maison De Justice et du Droit de La Rochelle","og_description":"Deux d\u00e9l\u00e9gu\u00e9s du procureur (un pour les majeurs et un pour les mineurs) sont en charge de mettre en \u0153uvre des mesures alternatives aux poursuites p\u00e9nales engag\u00e9es \u00e0 l&rsquo;encontre de majeurs ou de mineurs ayant commis une infraction, dans des affaires de petite et moyenne d\u00e9linquance (atteintes aux personnes, aux biens, \u00e0 la l\u00e9gislation des Lire plus ...","og_url":"https:\/\/maisondejusticetdudroit.fr\/index.php\/activite-judiciaire-3\/","og_site_name":"Maison De Justice et du Droit de La Rochelle","article_modified_time":"2020-01-14T18:09:52+00:00","og_image":[{"url":"https:\/\/maisondejusticeetdudroit.fr\/wp-content\/uploads\/2019\/12\/En-savoir-.png"}],"twitter_card":"summary_large_image","twitter_misc":{"Dur\u00e9e de lecture estim\u00e9e":"2 minutes"},"schema":{"@context":"https:\/\/schema.org","@graph":[{"@type":"WebPage","@id":"https:\/\/maisondejusticetdudroit.fr\/index.php\/activite-judiciaire-3\/","url":"https:\/\/maisondejusticetdudroit.fr\/index.php\/activite-judiciaire-3\/","name":"Vous \u00eates convoqu\u00e9(e) devant un d\u00e9l\u00e9gu\u00e9 du procureur - Maison De Justice et du Droit de La Rochelle","isPartOf":{"@id":"https:\/\/maisondejusticetdudroit.fr\/#website"},"datePublished":"2018-11-09T11:08:59+00:00","dateModified":"2020-01-14T18:09:52+00:00","breadcrumb":{"@id":"https:\/\/maisondejusticetdudroit.fr\/index.php\/activite-judiciaire-3\/#breadcrumb"},"inLanguage":"fr-FR","potentialAction":[{"@type":"ReadAction","target":["https:\/\/maisondejusticetdudroit.fr\/index.php\/activite-judiciaire-3\/"]}]},{"@type":"BreadcrumbList","@id":"https:\/\/maisondejusticetdudroit.fr\/index.php\/activite-judiciaire-3\/#breadcrumb","itemListElement":[{"@type":"ListItem","position":1,"name":"Accueil","item":"https:\/\/maisondejusticetdudroit.fr\/"},{"@type":"ListItem","position":2,"name":"Vous \u00eates convoqu\u00e9(e) devant un d\u00e9l\u00e9gu\u00e9 du procureur"}]},{"@type":"WebSite","@id":"https:\/\/maisondejusticetdudroit.fr\/#website","url":"https:\/\/maisondejusticetdudroit.fr\/","name":"Maison De Justice et du Droit de La Rochelle","description":"Un service gratuit et confidentiel d&#039;information juridique","publisher":{"@id":"https:\/\/maisondejusticetdudroit.fr\/#organization"},"potentialAction":[{"@type":"SearchAction","target":{"@type":"EntryPoint","urlTemplate":"https:\/\/maisondejusticetdudroit.fr\/?s={search_term_string}"},"query-input":"required name=search_term_string"}],"inLanguage":"fr-FR"},{"@type":"Organization","@id":"https:\/\/maisondejusticetdudroit.fr\/#organization","name":"Maison de justice et du droit de La Rochelle","url":"https:\/\/maisondejusticetdudroit.fr\/","sameAs":[],"logo":{"@type":"ImageObject","inLanguage":"fr-FR","@id":"https:\/\/maisondejusticetdudroit.fr\/#\/schema\/logo\/image\/","url":"https:\/\/maisondejusticetdudroit.fr\/wp-content\/uploads\/2019\/12\/logo_MDJ.png","contentUrl":"https:\/\/maisondejusticetdudroit.fr\/wp-content\/uploads\/2019\/12\/logo_MDJ.png","width":360,"height":270,"caption":"Maison de justice et du droit de La Rochelle"},"image":{"@id":"https:\/\/maisondejusticetdudroit.fr\/#\/schema\/logo\/image\/"}}]}},"_links":{"self":[{"href":"https:\/\/maisondejusticetdudroit.fr\/index.php\/wp-json\/wp\/v2\/pages\/240"}],"collection":[{"href":"https:\/\/maisondejusticetdudroit.fr\/index.php\/wp-json\/wp\/v2\/pages"}],"about":[{"href":"https:\/\/maisondejusticetdudroit.fr\/index.php\/wp-json\/wp\/v2\/types\/page"}],"author":[{"embeddable":true,"href":"https:\/\/maisondejusticetdudroit.fr\/index.php\/wp-json\/wp\/v2\/users\/1"}],"replies":[{"embeddable":true,"href":"https:\/\/maisondejusticetdudroit.fr\/index.php\/wp-json\/wp\/v2\/comments?post=240"}],"version-history":[{"count":55,"href":"https:\/\/maisondejusticetdudroit.fr\/index.php\/wp-json\/wp\/v2\/pages\/240\/revisions"}],"predecessor-version":[{"id":2378,"href":"https:\/\/maisondejusticetdudroit.fr\/index.php\/wp-json\/wp\/v2\/pages\/240\/revisions\/2378"}],"wp:attachment":[{"href":"https:\/\/maisondejusticetdudroit.fr\/index.php\/wp-json\/wp\/v2\/media?parent=240"}],"curies":[{"name":"wp","href":"https:\/\/api.w.org\/{rel}","templated":true}]}}