{"id":377,"date":"2019-01-04T10:47:49","date_gmt":"2019-01-04T09:47:49","guid":{"rendered":"http:\/\/maisondejusticeetdudroit.fr\/?page_id=377"},"modified":"2020-01-03T15:29:55","modified_gmt":"2020-01-03T14:29:55","slug":"mediateur-de-la-ville-de-la-rochelle","status":"publish","type":"page","link":"https:\/\/maisondejusticetdudroit.fr\/index.php\/mediateur-de-la-ville-de-la-rochelle\/","title":{"rendered":"Le M\u00e9diateur de la Ville de La Rochelle"},"content":{"rendered":"\t\t<div data-elementor-type=\"wp-page\" data-elementor-id=\"377\" class=\"elementor elementor-377\">\n\t\t\t\t\t\t<div class=\"elementor-inner\">\n\t\t\t\t<div class=\"elementor-section-wrap\">\n\t\t\t\t\t\t\t\t\t<section class=\"elementor-section elementor-top-section elementor-element elementor-element-4f816fc elementor-section-full_width elementor-section-height-default elementor-section-height-default\" data-id=\"4f816fc\" data-element_type=\"section\">\n\t\t\t\t\t\t<div class=\"elementor-container elementor-column-gap-default\">\n\t\t\t\t\t\t\t<div class=\"elementor-row\">\n\t\t\t\t\t<div class=\"elementor-column elementor-col-100 elementor-top-column elementor-element elementor-element-ff1f8f8\" data-id=\"ff1f8f8\" data-element_type=\"column\">\n\t\t\t<div class=\"elementor-column-wrap elementor-element-populated\">\n\t\t\t\t\t\t\t<div class=\"elementor-widget-wrap\">\n\t\t\t\t\t\t<div class=\"elementor-element elementor-element-cc52862 elementor-widget elementor-widget-text-editor\" data-id=\"cc52862\" data-element_type=\"widget\" data-widget_type=\"text-editor.default\">\n\t\t\t\t<div class=\"elementor-widget-container\">\n\t\t\t\t\t\t\t\t<div class=\"elementor-text-editor elementor-clearfix\">\n\t\t\t\t<p>Ind\u00e9pendant et neutre, <strong>le M\u00e9diateur de la Ville de La Rochelle<\/strong> re\u00e7oit et traite les r\u00e9clamations des Rochelais qui rencontrent des difficult\u00e9s avec l&rsquo;administration municipale. Le recours au m\u00e9diateur est gratuit et soumis \u00e0 confidentialit\u00e9.<\/p><p>Tout usager (particulier, association, commer\u00e7ant, entreprise), peut le saisir.<\/p><p>Le m\u00e9diateur est comp\u00e9tent dans tous les domaines o\u00f9 les services municipaux agissent : voirie, espaces verts, eau potable, formalit\u00e9s administratives, enfance, jeunesse, loisirs, etc.<\/p><p>Avant de saisir le m\u00e9diateur, il faut avoir fait des d\u00e9marches pr\u00e9alables aupr\u00e8s des services municipaux n&rsquo;ayant pas permis de trouver de solution.<\/p>\t\t\t\t\t<\/div>\n\t\t\t\t\t\t<\/div>\n\t\t\t\t<\/div>\n\t\t\t\t\t\t<\/div>\n\t\t\t\t\t<\/div>\n\t\t<\/div>\n\t\t\t\t\t\t\t\t<\/div>\n\t\t\t\t\t<\/div>\n\t\t<\/section>\n\t\t\t\t<section class=\"elementor-section elementor-top-section elementor-element elementor-element-33dc9ea elementor-section-boxed elementor-section-height-default elementor-section-height-default\" data-id=\"33dc9ea\" data-element_type=\"section\">\n\t\t\t\t\t\t<div class=\"elementor-container elementor-column-gap-default\">\n\t\t\t\t\t\t\t<div class=\"elementor-row\">\n\t\t\t\t\t<div class=\"elementor-column elementor-col-33 elementor-top-column elementor-element elementor-element-95a154f\" data-id=\"95a154f\" data-element_type=\"column\">\n\t\t\t<div class=\"elementor-column-wrap\">\n\t\t\t\t\t\t\t<div class=\"elementor-widget-wrap\">\n\t\t\t\t\t\t\t\t<\/div>\n\t\t\t\t\t<\/div>\n\t\t<\/div>\n\t\t\t\t<div class=\"elementor-column elementor-col-33 elementor-top-column elementor-element elementor-element-9aa1404\" data-id=\"9aa1404\" data-element_type=\"column\">\n\t\t\t<div class=\"elementor-column-wrap elementor-element-populated\">\n\t\t\t\t\t\t\t<div class=\"elementor-widget-wrap\">\n\t\t\t\t\t\t<div class=\"elementor-element elementor-element-bba9b5b elementor-widget elementor-widget-image\" data-id=\"bba9b5b\" data-element_type=\"widget\" data-widget_type=\"image.default\">\n\t\t\t\t<div class=\"elementor-widget-container\">\n\t\t\t\t\t\t\t\t<div class=\"elementor-image\">\n\t\t\t\t\t\t\t\t\t\t\t\t\t<a href=\"https:\/\/www.larochelle.fr\/vie-quotidienne\/identite-citoyennete\/saisir-le-mediateur-de-la-ville\" target=\"_blank\">\n\t\t\t\t\t\t\t<img loading=\"lazy\" decoding=\"async\" width=\"251\" height=\"201\" src=\"https:\/\/maisondejusticetdudroit.fr\/wp-content\/uploads\/2019\/12\/En-savoir-.png\" class=\"attachment-large size-large no-lazy\" alt=\"\" \/>\t\t\t\t\t\t\t\t<\/a>\n\t\t\t\t\t\t\t\t\t\t\t\t\t\t<\/div>\n\t\t\t\t\t\t<\/div>\n\t\t\t\t<\/div>\n\t\t\t\t\t\t<\/div>\n\t\t\t\t\t<\/div>\n\t\t<\/div>\n\t\t\t\t<div class=\"elementor-column elementor-col-33 elementor-top-column elementor-element elementor-element-ce59acc\" data-id=\"ce59acc\" data-element_type=\"column\">\n\t\t\t<div class=\"elementor-column-wrap\">\n\t\t\t\t\t\t\t<div class=\"elementor-widget-wrap\">\n\t\t\t\t\t\t\t\t<\/div>\n\t\t\t\t\t<\/div>\n\t\t<\/div>\n\t\t\t\t\t\t\t\t<\/div>\n\t\t\t\t\t<\/div>\n\t\t<\/section>\n\t\t\t\t\t\t\t\t\t<\/div>\n\t\t\t<\/div>\n\t\t\t\t\t<\/div>\n\t\t","protected":false},"excerpt":{"rendered":"<p>Ind\u00e9pendant et neutre, le M\u00e9diateur de la Ville de La Rochelle re\u00e7oit et traite les r\u00e9clamations des Rochelais qui rencontrent des difficult\u00e9s avec l&rsquo;administration municipale. Le recours au m\u00e9diateur est gratuit et soumis \u00e0 confidentialit\u00e9. Tout usager (particulier, association, commer\u00e7ant, entreprise), peut le saisir. Le m\u00e9diateur est comp\u00e9tent dans tous les domaines o\u00f9 les services <a class=\"more-link\" href=\"https:\/\/maisondejusticetdudroit.fr\/index.php\/mediateur-de-la-ville-de-la-rochelle\/\">Lire plus &#8230;<\/a><\/p>\n","protected":false},"author":1,"featured_media":0,"parent":0,"menu_order":0,"comment_status":"closed","ping_status":"closed","template":"","meta":{"footnotes":""},"yoast_head":"<!-- This site is optimized with the Yoast SEO plugin v19.7.2 - https:\/\/yoast.com\/wordpress\/plugins\/seo\/ -->\n<title>Le M\u00e9diateur de la Ville de La Rochelle - Maison De Justice et du Droit de La Rochelle<\/title>\n<meta name=\"robots\" content=\"index, follow, max-snippet:-1, max-image-preview:large, max-video-preview:-1\" \/>\n<link rel=\"canonical\" href=\"https:\/\/maisondejusticetdudroit.fr\/index.php\/mediateur-de-la-ville-de-la-rochelle\/\" \/>\n<meta property=\"og:locale\" content=\"fr_FR\" \/>\n<meta property=\"og:type\" content=\"article\" \/>\n<meta property=\"og:title\" content=\"Le M\u00e9diateur de la Ville de La Rochelle - Maison De Justice et du Droit de La Rochelle\" \/>\n<meta property=\"og:description\" content=\"Ind\u00e9pendant et neutre, le M\u00e9diateur de la Ville de La Rochelle re\u00e7oit et traite les r\u00e9clamations des Rochelais qui rencontrent des difficult\u00e9s avec l&rsquo;administration municipale. Le recours au m\u00e9diateur est gratuit et soumis \u00e0 confidentialit\u00e9. Tout usager (particulier, association, commer\u00e7ant, entreprise), peut le saisir. Le m\u00e9diateur est comp\u00e9tent dans tous les domaines o\u00f9 les services Lire plus ...\" \/>\n<meta property=\"og:url\" content=\"https:\/\/maisondejusticetdudroit.fr\/index.php\/mediateur-de-la-ville-de-la-rochelle\/\" \/>\n<meta property=\"og:site_name\" content=\"Maison De Justice et du Droit de La Rochelle\" \/>\n<meta property=\"article:modified_time\" content=\"2020-01-03T14:29:55+00:00\" \/>\n<meta property=\"og:image\" content=\"https:\/\/maisondejusticeetdudroit.fr\/wp-content\/uploads\/2019\/12\/En-savoir-.png\" \/>\n<meta name=\"twitter:card\" content=\"summary_large_image\" \/>\n<meta name=\"twitter:label1\" content=\"Dur\u00e9e de lecture estim\u00e9e\" \/>\n\t<meta name=\"twitter:data1\" content=\"1 minute\" \/>\n<script type=\"application\/ld+json\" class=\"yoast-schema-graph\">{\"@context\":\"https:\/\/schema.org\",\"@graph\":[{\"@type\":\"WebPage\",\"@id\":\"https:\/\/maisondejusticetdudroit.fr\/index.php\/mediateur-de-la-ville-de-la-rochelle\/\",\"url\":\"https:\/\/maisondejusticetdudroit.fr\/index.php\/mediateur-de-la-ville-de-la-rochelle\/\",\"name\":\"Le M\u00e9diateur de la Ville de La Rochelle - Maison De Justice et du Droit de La Rochelle\",\"isPartOf\":{\"@id\":\"https:\/\/maisondejusticetdudroit.fr\/#website\"},\"datePublished\":\"2019-01-04T09:47:49+00:00\",\"dateModified\":\"2020-01-03T14:29:55+00:00\",\"breadcrumb\":{\"@id\":\"https:\/\/maisondejusticetdudroit.fr\/index.php\/mediateur-de-la-ville-de-la-rochelle\/#breadcrumb\"},\"inLanguage\":\"fr-FR\",\"potentialAction\":[{\"@type\":\"ReadAction\",\"target\":[\"https:\/\/maisondejusticetdudroit.fr\/index.php\/mediateur-de-la-ville-de-la-rochelle\/\"]}]},{\"@type\":\"BreadcrumbList\",\"@id\":\"https:\/\/maisondejusticetdudroit.fr\/index.php\/mediateur-de-la-ville-de-la-rochelle\/#breadcrumb\",\"itemListElement\":[{\"@type\":\"ListItem\",\"position\":1,\"name\":\"Accueil\",\"item\":\"https:\/\/maisondejusticetdudroit.fr\/\"},{\"@type\":\"ListItem\",\"position\":2,\"name\":\"Le M\u00e9diateur de la Ville de La Rochelle\"}]},{\"@type\":\"WebSite\",\"@id\":\"https:\/\/maisondejusticetdudroit.fr\/#website\",\"url\":\"https:\/\/maisondejusticetdudroit.fr\/\",\"name\":\"Maison De Justice et du Droit de La Rochelle\",\"description\":\"Un service gratuit et confidentiel d&#039;information juridique\",\"publisher\":{\"@id\":\"https:\/\/maisondejusticetdudroit.fr\/#organization\"},\"potentialAction\":[{\"@type\":\"SearchAction\",\"target\":{\"@type\":\"EntryPoint\",\"urlTemplate\":\"https:\/\/maisondejusticetdudroit.fr\/?s={search_term_string}\"},\"query-input\":\"required name=search_term_string\"}],\"inLanguage\":\"fr-FR\"},{\"@type\":\"Organization\",\"@id\":\"https:\/\/maisondejusticetdudroit.fr\/#organization\",\"name\":\"Maison de justice et du droit de La Rochelle\",\"url\":\"https:\/\/maisondejusticetdudroit.fr\/\",\"sameAs\":[],\"logo\":{\"@type\":\"ImageObject\",\"inLanguage\":\"fr-FR\",\"@id\":\"https:\/\/maisondejusticetdudroit.fr\/#\/schema\/logo\/image\/\",\"url\":\"https:\/\/maisondejusticetdudroit.fr\/wp-content\/uploads\/2019\/12\/logo_MDJ.png\",\"contentUrl\":\"https:\/\/maisondejusticetdudroit.fr\/wp-content\/uploads\/2019\/12\/logo_MDJ.png\",\"width\":360,\"height\":270,\"caption\":\"Maison de justice et du droit de La Rochelle\"},\"image\":{\"@id\":\"https:\/\/maisondejusticetdudroit.fr\/#\/schema\/logo\/image\/\"}}]}<\/script>\n<!-- \/ Yoast SEO plugin. -->","yoast_head_json":{"title":"Le M\u00e9diateur de la Ville de La Rochelle - Maison De Justice et du Droit de La Rochelle","robots":{"index":"index","follow":"follow","max-snippet":"max-snippet:-1","max-image-preview":"max-image-preview:large","max-video-preview":"max-video-preview:-1"},"canonical":"https:\/\/maisondejusticetdudroit.fr\/index.php\/mediateur-de-la-ville-de-la-rochelle\/","og_locale":"fr_FR","og_type":"article","og_title":"Le M\u00e9diateur de la Ville de La Rochelle - Maison De Justice et du Droit de La Rochelle","og_description":"Ind\u00e9pendant et neutre, le M\u00e9diateur de la Ville de La Rochelle re\u00e7oit et traite les r\u00e9clamations des Rochelais qui rencontrent des difficult\u00e9s avec l&rsquo;administration municipale. Le recours au m\u00e9diateur est gratuit et soumis \u00e0 confidentialit\u00e9. Tout usager (particulier, association, commer\u00e7ant, entreprise), peut le saisir. Le m\u00e9diateur est comp\u00e9tent dans tous les domaines o\u00f9 les services Lire plus ...","og_url":"https:\/\/maisondejusticetdudroit.fr\/index.php\/mediateur-de-la-ville-de-la-rochelle\/","og_site_name":"Maison De Justice et du Droit de La Rochelle","article_modified_time":"2020-01-03T14:29:55+00:00","og_image":[{"url":"https:\/\/maisondejusticeetdudroit.fr\/wp-content\/uploads\/2019\/12\/En-savoir-.png"}],"twitter_card":"summary_large_image","twitter_misc":{"Dur\u00e9e de lecture estim\u00e9e":"1 minute"},"schema":{"@context":"https:\/\/schema.org","@graph":[{"@type":"WebPage","@id":"https:\/\/maisondejusticetdudroit.fr\/index.php\/mediateur-de-la-ville-de-la-rochelle\/","url":"https:\/\/maisondejusticetdudroit.fr\/index.php\/mediateur-de-la-ville-de-la-rochelle\/","name":"Le M\u00e9diateur de la Ville de La Rochelle - Maison De Justice et du Droit de La Rochelle","isPartOf":{"@id":"https:\/\/maisondejusticetdudroit.fr\/#website"},"datePublished":"2019-01-04T09:47:49+00:00","dateModified":"2020-01-03T14:29:55+00:00","breadcrumb":{"@id":"https:\/\/maisondejusticetdudroit.fr\/index.php\/mediateur-de-la-ville-de-la-rochelle\/#breadcrumb"},"inLanguage":"fr-FR","potentialAction":[{"@type":"ReadAction","target":["https:\/\/maisondejusticetdudroit.fr\/index.php\/mediateur-de-la-ville-de-la-rochelle\/"]}]},{"@type":"BreadcrumbList","@id":"https:\/\/maisondejusticetdudroit.fr\/index.php\/mediateur-de-la-ville-de-la-rochelle\/#breadcrumb","itemListElement":[{"@type":"ListItem","position":1,"name":"Accueil","item":"https:\/\/maisondejusticetdudroit.fr\/"},{"@type":"ListItem","position":2,"name":"Le M\u00e9diateur de la Ville de La Rochelle"}]},{"@type":"WebSite","@id":"https:\/\/maisondejusticetdudroit.fr\/#website","url":"https:\/\/maisondejusticetdudroit.fr\/","name":"Maison De Justice et du Droit de La Rochelle","description":"Un service gratuit et confidentiel d&#039;information juridique","publisher":{"@id":"https:\/\/maisondejusticetdudroit.fr\/#organization"},"potentialAction":[{"@type":"SearchAction","target":{"@type":"EntryPoint","urlTemplate":"https:\/\/maisondejusticetdudroit.fr\/?s={search_term_string}"},"query-input":"required name=search_term_string"}],"inLanguage":"fr-FR"},{"@type":"Organization","@id":"https:\/\/maisondejusticetdudroit.fr\/#organization","name":"Maison de justice et du droit de La Rochelle","url":"https:\/\/maisondejusticetdudroit.fr\/","sameAs":[],"logo":{"@type":"ImageObject","inLanguage":"fr-FR","@id":"https:\/\/maisondejusticetdudroit.fr\/#\/schema\/logo\/image\/","url":"https:\/\/maisondejusticetdudroit.fr\/wp-content\/uploads\/2019\/12\/logo_MDJ.png","contentUrl":"https:\/\/maisondejusticetdudroit.fr\/wp-content\/uploads\/2019\/12\/logo_MDJ.png","width":360,"height":270,"caption":"Maison de justice et du droit de La Rochelle"},"image":{"@id":"https:\/\/maisondejusticetdudroit.fr\/#\/schema\/logo\/image\/"}}]}},"_links":{"self":[{"href":"https:\/\/maisondejusticetdudroit.fr\/index.php\/wp-json\/wp\/v2\/pages\/377"}],"collection":[{"href":"https:\/\/maisondejusticetdudroit.fr\/index.php\/wp-json\/wp\/v2\/pages"}],"about":[{"href":"https:\/\/maisondejusticetdudroit.fr\/index.php\/wp-json\/wp\/v2\/types\/page"}],"author":[{"embeddable":true,"href":"https:\/\/maisondejusticetdudroit.fr\/index.php\/wp-json\/wp\/v2\/users\/1"}],"replies":[{"embeddable":true,"href":"https:\/\/maisondejusticetdudroit.fr\/index.php\/wp-json\/wp\/v2\/comments?post=377"}],"version-history":[{"count":16,"href":"https:\/\/maisondejusticetdudroit.fr\/index.php\/wp-json\/wp\/v2\/pages\/377\/revisions"}],"predecessor-version":[{"id":2383,"href":"https:\/\/maisondejusticetdudroit.fr\/index.php\/wp-json\/wp\/v2\/pages\/377\/revisions\/2383"}],"wp:attachment":[{"href":"https:\/\/maisondejusticetdudroit.fr\/index.php\/wp-json\/wp\/v2\/media?parent=377"}],"curies":[{"name":"wp","href":"https:\/\/api.w.org\/{rel}","templated":true}]}}