{"id":549,"date":"2019-06-27T17:05:29","date_gmt":"2019-06-27T15:05:29","guid":{"rendered":"http:\/\/maisondejusticeetdudroit.fr\/?page_id=549"},"modified":"2022-04-11T15:24:30","modified_gmt":"2022-04-11T13:24:30","slug":"maison-de-justice-et-du-droit-de-la-rochelle","status":"publish","type":"page","link":"https:\/\/maisondejusticetdudroit.fr\/index.php\/maison-de-justice-et-du-droit-de-la-rochelle\/","title":{"rendered":"Nous Contacter"},"content":{"rendered":"\t\t<div data-elementor-type=\"wp-page\" data-elementor-id=\"549\" class=\"elementor elementor-549\">\n\t\t\t\t\t\t<div class=\"elementor-inner\">\n\t\t\t\t<div class=\"elementor-section-wrap\">\n\t\t\t\t\t\t\t\t\t<section class=\"elementor-section elementor-top-section elementor-element elementor-element-ffd8b3f elementor-section-boxed elementor-section-height-default elementor-section-height-default\" data-id=\"ffd8b3f\" data-element_type=\"section\">\n\t\t\t\t\t\t<div class=\"elementor-container elementor-column-gap-default\">\n\t\t\t\t\t\t\t<div class=\"elementor-row\">\n\t\t\t\t\t<div class=\"elementor-column elementor-col-50 elementor-top-column elementor-element elementor-element-11225d7\" data-id=\"11225d7\" data-element_type=\"column\">\n\t\t\t<div class=\"elementor-column-wrap elementor-element-populated\">\n\t\t\t\t\t\t\t<div class=\"elementor-widget-wrap\">\n\t\t\t\t\t\t<div class=\"elementor-element elementor-element-28a5c1d elementor-widget elementor-widget-text-editor\" data-id=\"28a5c1d\" data-element_type=\"widget\" data-widget_type=\"text-editor.default\">\n\t\t\t\t<div class=\"elementor-widget-container\">\n\t\t\t\t\t\t\t\t<div class=\"elementor-text-editor elementor-clearfix\">\n\t\t\t\t<p><strong>Notre adresse :\u00a0<\/strong><\/p><p><a href=\"https:\/\/goo.gl\/maps\/JPJjbGgygAEAZexu5\" target=\"_blank\" rel=\"noopener\">Square de La Passerelle<\/a><br \/><a href=\"https:\/\/goo.gl\/maps\/JPJjbGgygAEAZexu5\" target=\"_blank\" rel=\"noopener\">(Quartier de Mireuil)<\/a><br \/><a href=\"https:\/\/goo.gl\/maps\/JPJjbGgygAEAZexu5\" target=\"_blank\" rel=\"noopener\">17000 LA ROCHELLE<\/a><\/p>\t\t\t\t\t<\/div>\n\t\t\t\t\t\t<\/div>\n\t\t\t\t<\/div>\n\t\t\t\t\t\t<\/div>\n\t\t\t\t\t<\/div>\n\t\t<\/div>\n\t\t\t\t<div class=\"elementor-column elementor-col-50 elementor-top-column elementor-element elementor-element-aef5d5b\" data-id=\"aef5d5b\" data-element_type=\"column\">\n\t\t\t<div class=\"elementor-column-wrap elementor-element-populated\">\n\t\t\t\t\t\t\t<div class=\"elementor-widget-wrap\">\n\t\t\t\t\t\t<div class=\"elementor-element elementor-element-0fae4d7 elementor-widget elementor-widget-google_maps\" data-id=\"0fae4d7\" data-element_type=\"widget\" data-widget_type=\"google_maps.default\">\n\t\t\t\t<div class=\"elementor-widget-container\">\n\t\t\t\t\t<div class=\"elementor-custom-embed\">\n\t\t\t<iframe frameborder=\"0\" scrolling=\"no\" marginheight=\"0\" marginwidth=\"0\"\n\t\t\t\t\tsrc=\"https:\/\/maps.google.com\/maps?q=Maison%20de%20la%20justice%20et%20du%20droit%20la%20rochelle&#038;t=m&#038;z=13&#038;output=embed&#038;iwloc=near\"\n\t\t\t\t\ttitle=\"Maison de la justice et du droit la rochelle\"\n\t\t\t\t\taria-label=\"Maison de la justice et du droit la rochelle\"\n\t\t\t><\/iframe>\n\t\t<\/div>\n\t\t\t\t<\/div>\n\t\t\t\t<\/div>\n\t\t\t\t\t\t<\/div>\n\t\t\t\t\t<\/div>\n\t\t<\/div>\n\t\t\t\t\t\t\t\t<\/div>\n\t\t\t\t\t<\/div>\n\t\t<\/section>\n\t\t\t\t<section class=\"elementor-section elementor-top-section elementor-element elementor-element-c5836aa elementor-section-full_width elementor-section-height-default elementor-section-height-default\" data-id=\"c5836aa\" data-element_type=\"section\">\n\t\t\t\t\t\t<div class=\"elementor-container elementor-column-gap-default\">\n\t\t\t\t\t\t\t<div class=\"elementor-row\">\n\t\t\t\t\t<div class=\"elementor-column elementor-col-100 elementor-top-column elementor-element elementor-element-46ff5fe\" data-id=\"46ff5fe\" data-element_type=\"column\">\n\t\t\t<div class=\"elementor-column-wrap elementor-element-populated\">\n\t\t\t\t\t\t\t<div class=\"elementor-widget-wrap\">\n\t\t\t\t\t\t<div class=\"elementor-element elementor-element-009a915 elementor-widget elementor-widget-text-editor\" data-id=\"009a915\" data-element_type=\"widget\" data-widget_type=\"text-editor.default\">\n\t\t\t\t<div class=\"elementor-widget-container\">\n\t\t\t\t\t\t\t\t<div class=\"elementor-text-editor elementor-clearfix\">\n\t\t\t\t<h4 style=\"text-align: left;\"><strong><a href=\"http:\/\/maisondejusticeetdudroit.fr\/wp-content\/uploads\/2019\/12\/kisspng-telephone-call-symbol-smartphone-ringing-phone-5acb8cf9635065.2071133315232893374068.png\"><img loading=\"lazy\" decoding=\"async\" class=\" wp-image-1278 alignleft\" src=\"http:\/\/maisondejusticeetdudroit.fr\/wp-content\/uploads\/2019\/12\/kisspng-telephone-call-symbol-smartphone-ringing-phone-5acb8cf9635065.2071133315232893374068-300x300.png\" alt=\"\" width=\"37\" height=\"37\" srcset=\"https:\/\/maisondejusticetdudroit.fr\/wp-content\/uploads\/2019\/12\/kisspng-telephone-call-symbol-smartphone-ringing-phone-5acb8cf9635065.2071133315232893374068-300x300.png 300w, https:\/\/maisondejusticetdudroit.fr\/wp-content\/uploads\/2019\/12\/kisspng-telephone-call-symbol-smartphone-ringing-phone-5acb8cf9635065.2071133315232893374068.png 1024w, https:\/\/maisondejusticetdudroit.fr\/wp-content\/uploads\/2019\/12\/kisspng-telephone-call-symbol-smartphone-ringing-phone-5acb8cf9635065.2071133315232893374068-150x150.png 150w, https:\/\/maisondejusticetdudroit.fr\/wp-content\/uploads\/2019\/12\/kisspng-telephone-call-symbol-smartphone-ringing-phone-5acb8cf9635065.2071133315232893374068-768x768.png 768w\" sizes=\"(max-width: 37px) 100vw, 37px\" \/><\/a>Notre num\u00e9ro de t\u00e9l\u00e9phone <\/strong>:<\/h4><h4><a href=\"tel:+33517834838\">\u00a0 \u00a0 \u00a0 \u00a0 \u00a0 \u00a0 \u00a005 17 83 48 38<\/a><\/h4>\t\t\t\t\t<\/div>\n\t\t\t\t\t\t<\/div>\n\t\t\t\t<\/div>\n\t\t\t\t\t\t<\/div>\n\t\t\t\t\t<\/div>\n\t\t<\/div>\n\t\t\t\t\t\t\t\t<\/div>\n\t\t\t\t\t<\/div>\n\t\t<\/section>\n\t\t\t\t<section class=\"elementor-section elementor-top-section elementor-element elementor-element-04c0899 elementor-section-full_width elementor-section-height-default elementor-section-height-default\" data-id=\"04c0899\" data-element_type=\"section\">\n\t\t\t\t\t\t<div class=\"elementor-container elementor-column-gap-default\">\n\t\t\t\t\t\t\t<div class=\"elementor-row\">\n\t\t\t\t\t<div class=\"elementor-column elementor-col-100 elementor-top-column elementor-element elementor-element-d8f1045\" data-id=\"d8f1045\" data-element_type=\"column\">\n\t\t\t<div class=\"elementor-column-wrap elementor-element-populated\">\n\t\t\t\t\t\t\t<div class=\"elementor-widget-wrap\">\n\t\t\t\t\t\t<div class=\"elementor-element elementor-element-d90e541 elementor-widget elementor-widget-text-editor\" data-id=\"d90e541\" data-element_type=\"widget\" data-widget_type=\"text-editor.default\">\n\t\t\t\t<div class=\"elementor-widget-container\">\n\t\t\t\t\t\t\t\t<div class=\"elementor-text-editor elementor-clearfix\">\n\t\t\t\t<h4><span style=\"text-decoration: underline;\"><a href=\"mjd-la-rochelle@justice.fr\"><img loading=\"lazy\" decoding=\"async\" class=\" wp-image-721\" src=\"http:\/\/maisondejusticeetdudroit.fr\/wp-content\/uploads\/2019\/06\/e-mail-2-300x269.jpg\" alt=\"\" width=\"40\" height=\"36\" \/><\/a><\/span> <strong>Notre courriel<\/strong> :\u00a0<\/h4><h4><a href=\"mailto:mjd-la-rochelle@justice.fr\">\u00a0 \u00a0 \u00a0 \u00a0 \u00a0 \u00a0 \u00a0mjd-la-rochelle@justice.fr<\/a><\/h4>\t\t\t\t\t<\/div>\n\t\t\t\t\t\t<\/div>\n\t\t\t\t<\/div>\n\t\t\t\t\t\t<\/div>\n\t\t\t\t\t<\/div>\n\t\t<\/div>\n\t\t\t\t\t\t\t\t<\/div>\n\t\t\t\t\t<\/div>\n\t\t<\/section>\n\t\t\t\t<section class=\"elementor-section elementor-top-section elementor-element elementor-element-81732db elementor-section-full_width elementor-section-height-default elementor-section-height-default\" data-id=\"81732db\" data-element_type=\"section\">\n\t\t\t\t\t\t<div class=\"elementor-container elementor-column-gap-default\">\n\t\t\t\t\t\t\t<div class=\"elementor-row\">\n\t\t\t\t\t<div class=\"elementor-column elementor-col-100 elementor-top-column elementor-element elementor-element-d00b712\" data-id=\"d00b712\" data-element_type=\"column\">\n\t\t\t<div class=\"elementor-column-wrap elementor-element-populated\">\n\t\t\t\t\t\t\t<div class=\"elementor-widget-wrap\">\n\t\t\t\t\t\t<div class=\"elementor-element elementor-element-d93dbda elementor-widget elementor-widget-text-editor\" data-id=\"d93dbda\" data-element_type=\"widget\" data-widget_type=\"text-editor.default\">\n\t\t\t\t<div class=\"elementor-widget-container\">\n\t\t\t\t\t\t\t\t<div class=\"elementor-text-editor elementor-clearfix\">\n\t\t\t\t<h4><strong>Nos horaires<\/strong> :\u00a0<\/h4><p><span style=\"font-size: 16px; letter-spacing: 0px;\">Du lundi au vendredi<br \/><\/span><span style=\"font-size: 16px; letter-spacing: 0px;\"> De 9h00 \u00e0 12h00, et de 14h00 \u00e0 16h00<\/span><\/p><p><span style=\"font-family: 'Open Sans', sans-serif; font-size: 16px; font-style: normal; font-weight: 400;\">L&rsquo;accueil physique est actuellement ferm\u00e9, merci de nous contacter au num\u00e9ro indiqu\u00e9 ci-dessus ou par mail<\/span><span style=\"font-size: 16px; letter-spacing: 0px;\"><br \/><\/span><\/p>\t\t\t\t\t<\/div>\n\t\t\t\t\t\t<\/div>\n\t\t\t\t<\/div>\n\t\t\t\t\t\t<\/div>\n\t\t\t\t\t<\/div>\n\t\t<\/div>\n\t\t\t\t\t\t\t\t<\/div>\n\t\t\t\t\t<\/div>\n\t\t<\/section>\n\t\t\t\t\t\t\t\t\t<\/div>\n\t\t\t<\/div>\n\t\t\t\t\t<\/div>\n\t\t","protected":false},"excerpt":{"rendered":"<p>Notre adresse :\u00a0 Square de La Passerelle(Quartier de Mireuil)17000 LA ROCHELLE Notre num\u00e9ro de t\u00e9l\u00e9phone : \u00a0 \u00a0 \u00a0 \u00a0 \u00a0 \u00a0 \u00a005 17 83 48 38 Notre courriel :\u00a0 \u00a0 \u00a0 \u00a0 \u00a0 \u00a0 \u00a0 \u00a0mjd-la-rochelle@justice.fr Nos horaires :\u00a0 Du lundi au vendredi De 9h00 \u00e0 12h00, et de 14h00 \u00e0 16h00 L&rsquo;accueil physique <a class=\"more-link\" href=\"https:\/\/maisondejusticetdudroit.fr\/index.php\/maison-de-justice-et-du-droit-de-la-rochelle\/\">Lire plus &#8230;<\/a><\/p>\n","protected":false},"author":1,"featured_media":0,"parent":0,"menu_order":0,"comment_status":"closed","ping_status":"closed","template":"","meta":{"footnotes":""},"yoast_head":"<!-- This site is optimized with the Yoast SEO plugin v19.7.2 - https:\/\/yoast.com\/wordpress\/plugins\/seo\/ -->\n<title>Nous Contacter - Maison De Justice et du Droit de La Rochelle<\/title>\n<meta name=\"robots\" content=\"index, follow, max-snippet:-1, max-image-preview:large, max-video-preview:-1\" \/>\n<link rel=\"canonical\" href=\"https:\/\/maisondejusticetdudroit.fr\/index.php\/maison-de-justice-et-du-droit-de-la-rochelle\/\" \/>\n<meta property=\"og:locale\" content=\"fr_FR\" \/>\n<meta property=\"og:type\" content=\"article\" \/>\n<meta property=\"og:title\" content=\"Nous Contacter - Maison De Justice et du Droit de La Rochelle\" \/>\n<meta property=\"og:description\" content=\"Notre adresse :\u00a0 Square de La Passerelle(Quartier de Mireuil)17000 LA ROCHELLE Notre num\u00e9ro de t\u00e9l\u00e9phone : \u00a0 \u00a0 \u00a0 \u00a0 \u00a0 \u00a0 \u00a005 17 83 48 38 Notre courriel :\u00a0 \u00a0 \u00a0 \u00a0 \u00a0 \u00a0 \u00a0 \u00a0mjd-la-rochelle@justice.fr Nos horaires :\u00a0 Du lundi au vendredi De 9h00 \u00e0 12h00, et de 14h00 \u00e0 16h00 L&rsquo;accueil physique Lire plus ...\" \/>\n<meta property=\"og:url\" content=\"https:\/\/maisondejusticetdudroit.fr\/index.php\/maison-de-justice-et-du-droit-de-la-rochelle\/\" \/>\n<meta property=\"og:site_name\" content=\"Maison De Justice et du Droit de La Rochelle\" \/>\n<meta property=\"article:modified_time\" content=\"2022-04-11T13:24:30+00:00\" \/>\n<meta property=\"og:image\" content=\"http:\/\/maisondejusticeetdudroit.fr\/wp-content\/uploads\/2019\/12\/kisspng-telephone-call-symbol-smartphone-ringing-phone-5acb8cf9635065.2071133315232893374068-300x300.png\" \/>\n<meta name=\"twitter:card\" content=\"summary_large_image\" \/>\n<meta name=\"twitter:label1\" content=\"Dur\u00e9e de lecture estim\u00e9e\" \/>\n\t<meta name=\"twitter:data1\" content=\"1 minute\" \/>\n<script type=\"application\/ld+json\" class=\"yoast-schema-graph\">{\"@context\":\"https:\/\/schema.org\",\"@graph\":[{\"@type\":\"WebPage\",\"@id\":\"https:\/\/maisondejusticetdudroit.fr\/index.php\/maison-de-justice-et-du-droit-de-la-rochelle\/\",\"url\":\"https:\/\/maisondejusticetdudroit.fr\/index.php\/maison-de-justice-et-du-droit-de-la-rochelle\/\",\"name\":\"Nous Contacter - Maison De Justice et du Droit de La Rochelle\",\"isPartOf\":{\"@id\":\"https:\/\/maisondejusticetdudroit.fr\/#website\"},\"datePublished\":\"2019-06-27T15:05:29+00:00\",\"dateModified\":\"2022-04-11T13:24:30+00:00\",\"breadcrumb\":{\"@id\":\"https:\/\/maisondejusticetdudroit.fr\/index.php\/maison-de-justice-et-du-droit-de-la-rochelle\/#breadcrumb\"},\"inLanguage\":\"fr-FR\",\"potentialAction\":[{\"@type\":\"ReadAction\",\"target\":[\"https:\/\/maisondejusticetdudroit.fr\/index.php\/maison-de-justice-et-du-droit-de-la-rochelle\/\"]}]},{\"@type\":\"BreadcrumbList\",\"@id\":\"https:\/\/maisondejusticetdudroit.fr\/index.php\/maison-de-justice-et-du-droit-de-la-rochelle\/#breadcrumb\",\"itemListElement\":[{\"@type\":\"ListItem\",\"position\":1,\"name\":\"Accueil\",\"item\":\"https:\/\/maisondejusticetdudroit.fr\/\"},{\"@type\":\"ListItem\",\"position\":2,\"name\":\"Nous Contacter\"}]},{\"@type\":\"WebSite\",\"@id\":\"https:\/\/maisondejusticetdudroit.fr\/#website\",\"url\":\"https:\/\/maisondejusticetdudroit.fr\/\",\"name\":\"Maison De Justice et du Droit de La Rochelle\",\"description\":\"Un service gratuit et confidentiel d&#039;information juridique\",\"publisher\":{\"@id\":\"https:\/\/maisondejusticetdudroit.fr\/#organization\"},\"potentialAction\":[{\"@type\":\"SearchAction\",\"target\":{\"@type\":\"EntryPoint\",\"urlTemplate\":\"https:\/\/maisondejusticetdudroit.fr\/?s={search_term_string}\"},\"query-input\":\"required name=search_term_string\"}],\"inLanguage\":\"fr-FR\"},{\"@type\":\"Organization\",\"@id\":\"https:\/\/maisondejusticetdudroit.fr\/#organization\",\"name\":\"Maison de justice et du droit de La Rochelle\",\"url\":\"https:\/\/maisondejusticetdudroit.fr\/\",\"sameAs\":[],\"logo\":{\"@type\":\"ImageObject\",\"inLanguage\":\"fr-FR\",\"@id\":\"https:\/\/maisondejusticetdudroit.fr\/#\/schema\/logo\/image\/\",\"url\":\"https:\/\/maisondejusticetdudroit.fr\/wp-content\/uploads\/2019\/12\/logo_MDJ.png\",\"contentUrl\":\"https:\/\/maisondejusticetdudroit.fr\/wp-content\/uploads\/2019\/12\/logo_MDJ.png\",\"width\":360,\"height\":270,\"caption\":\"Maison de justice et du droit de La Rochelle\"},\"image\":{\"@id\":\"https:\/\/maisondejusticetdudroit.fr\/#\/schema\/logo\/image\/\"}}]}<\/script>\n<!-- \/ Yoast SEO plugin. -->","yoast_head_json":{"title":"Nous Contacter - Maison De Justice et du Droit de La Rochelle","robots":{"index":"index","follow":"follow","max-snippet":"max-snippet:-1","max-image-preview":"max-image-preview:large","max-video-preview":"max-video-preview:-1"},"canonical":"https:\/\/maisondejusticetdudroit.fr\/index.php\/maison-de-justice-et-du-droit-de-la-rochelle\/","og_locale":"fr_FR","og_type":"article","og_title":"Nous Contacter - Maison De Justice et du Droit de La Rochelle","og_description":"Notre adresse :\u00a0 Square de La Passerelle(Quartier de Mireuil)17000 LA ROCHELLE Notre num\u00e9ro de t\u00e9l\u00e9phone : \u00a0 \u00a0 \u00a0 \u00a0 \u00a0 \u00a0 \u00a005 17 83 48 38 Notre courriel :\u00a0 \u00a0 \u00a0 \u00a0 \u00a0 \u00a0 \u00a0 \u00a0mjd-la-rochelle@justice.fr Nos horaires :\u00a0 Du lundi au vendredi De 9h00 \u00e0 12h00, et de 14h00 \u00e0 16h00 L&rsquo;accueil physique Lire plus ...","og_url":"https:\/\/maisondejusticetdudroit.fr\/index.php\/maison-de-justice-et-du-droit-de-la-rochelle\/","og_site_name":"Maison De Justice et du Droit de La Rochelle","article_modified_time":"2022-04-11T13:24:30+00:00","og_image":[{"url":"http:\/\/maisondejusticeetdudroit.fr\/wp-content\/uploads\/2019\/12\/kisspng-telephone-call-symbol-smartphone-ringing-phone-5acb8cf9635065.2071133315232893374068-300x300.png"}],"twitter_card":"summary_large_image","twitter_misc":{"Dur\u00e9e de lecture estim\u00e9e":"1 minute"},"schema":{"@context":"https:\/\/schema.org","@graph":[{"@type":"WebPage","@id":"https:\/\/maisondejusticetdudroit.fr\/index.php\/maison-de-justice-et-du-droit-de-la-rochelle\/","url":"https:\/\/maisondejusticetdudroit.fr\/index.php\/maison-de-justice-et-du-droit-de-la-rochelle\/","name":"Nous Contacter - Maison De Justice et du Droit de La Rochelle","isPartOf":{"@id":"https:\/\/maisondejusticetdudroit.fr\/#website"},"datePublished":"2019-06-27T15:05:29+00:00","dateModified":"2022-04-11T13:24:30+00:00","breadcrumb":{"@id":"https:\/\/maisondejusticetdudroit.fr\/index.php\/maison-de-justice-et-du-droit-de-la-rochelle\/#breadcrumb"},"inLanguage":"fr-FR","potentialAction":[{"@type":"ReadAction","target":["https:\/\/maisondejusticetdudroit.fr\/index.php\/maison-de-justice-et-du-droit-de-la-rochelle\/"]}]},{"@type":"BreadcrumbList","@id":"https:\/\/maisondejusticetdudroit.fr\/index.php\/maison-de-justice-et-du-droit-de-la-rochelle\/#breadcrumb","itemListElement":[{"@type":"ListItem","position":1,"name":"Accueil","item":"https:\/\/maisondejusticetdudroit.fr\/"},{"@type":"ListItem","position":2,"name":"Nous Contacter"}]},{"@type":"WebSite","@id":"https:\/\/maisondejusticetdudroit.fr\/#website","url":"https:\/\/maisondejusticetdudroit.fr\/","name":"Maison De Justice et du Droit de La Rochelle","description":"Un service gratuit et confidentiel d&#039;information juridique","publisher":{"@id":"https:\/\/maisondejusticetdudroit.fr\/#organization"},"potentialAction":[{"@type":"SearchAction","target":{"@type":"EntryPoint","urlTemplate":"https:\/\/maisondejusticetdudroit.fr\/?s={search_term_string}"},"query-input":"required name=search_term_string"}],"inLanguage":"fr-FR"},{"@type":"Organization","@id":"https:\/\/maisondejusticetdudroit.fr\/#organization","name":"Maison de justice et du droit de La Rochelle","url":"https:\/\/maisondejusticetdudroit.fr\/","sameAs":[],"logo":{"@type":"ImageObject","inLanguage":"fr-FR","@id":"https:\/\/maisondejusticetdudroit.fr\/#\/schema\/logo\/image\/","url":"https:\/\/maisondejusticetdudroit.fr\/wp-content\/uploads\/2019\/12\/logo_MDJ.png","contentUrl":"https:\/\/maisondejusticetdudroit.fr\/wp-content\/uploads\/2019\/12\/logo_MDJ.png","width":360,"height":270,"caption":"Maison de justice et du droit de La Rochelle"},"image":{"@id":"https:\/\/maisondejusticetdudroit.fr\/#\/schema\/logo\/image\/"}}]}},"_links":{"self":[{"href":"https:\/\/maisondejusticetdudroit.fr\/index.php\/wp-json\/wp\/v2\/pages\/549"}],"collection":[{"href":"https:\/\/maisondejusticetdudroit.fr\/index.php\/wp-json\/wp\/v2\/pages"}],"about":[{"href":"https:\/\/maisondejusticetdudroit.fr\/index.php\/wp-json\/wp\/v2\/types\/page"}],"author":[{"embeddable":true,"href":"https:\/\/maisondejusticetdudroit.fr\/index.php\/wp-json\/wp\/v2\/users\/1"}],"replies":[{"embeddable":true,"href":"https:\/\/maisondejusticetdudroit.fr\/index.php\/wp-json\/wp\/v2\/comments?post=549"}],"version-history":[{"count":179,"href":"https:\/\/maisondejusticetdudroit.fr\/index.php\/wp-json\/wp\/v2\/pages\/549\/revisions"}],"predecessor-version":[{"id":7741,"href":"https:\/\/maisondejusticetdudroit.fr\/index.php\/wp-json\/wp\/v2\/pages\/549\/revisions\/7741"}],"wp:attachment":[{"href":"https:\/\/maisondejusticetdudroit.fr\/index.php\/wp-json\/wp\/v2\/media?parent=549"}],"curies":[{"name":"wp","href":"https:\/\/api.w.org\/{rel}","templated":true}]}}